{"id":9658,"date":"2021-02-15T10:07:02","date_gmt":"2021-02-15T10:07:02","guid":{"rendered":"https:\/\/www.ihrda.org\/commission-africaine-des-droits-de-lhomme-et-des-peuples-cadhp\/"},"modified":"2021-03-10T10:56:07","modified_gmt":"2021-03-10T10:56:07","slug":"commission-africaine-des-droits-de-lhomme-et-des-peuples-cadhp","status":"publish","type":"page","link":"https:\/\/www.ihrda.org\/fr\/commission-africaine-des-droits-de-lhomme-et-des-peuples-cadhp\/","title":{"rendered":"Commission africaine des droits de l\u2019homme et des peuples (CADHP)"},"content":{"rendered":"<p>Il n&rsquo;y a aucune restriction sur les personnes qui sont \u00e9ligibles pour porter des affaires devant la Commission africaine. Toute personne, physique ou juridique, peut porter plainte. Les seules restrictions sont celles qui s&rsquo;appliquent en vertu de tous les trait\u00e9s concernant la responsabilit\u00e9 des \u00c9tats.<\/p>\n<p>Ceux-ci sont:<\/p>\n<p>\u2022 Restrictions de temps (comp\u00e9tence ratione temporis): les \u00c9tats ne sont tenus de garantir les droits de l&rsquo;homme pr\u00e9vus dans la Charte qu&rsquo;apr\u00e8s leur ratification du trait\u00e9, et des all\u00e9gations de violation de cette obligation peuvent \u00eatre port\u00e9es devant la Commission africaine;<\/p>\n<p>\u2022 Sujets de restrictions (comp\u00e9tence ratione materiae): les \u00c9tats ne sont tenus de garantir que les droits pr\u00e9vus dans la Charte, et des all\u00e9gations de violation de cette obligation peuvent \u00eatre port\u00e9es devant la Commission africaine.<\/p>\n<p>Comment IHRDA s\u2019engage avec la Commission africaine des droits de l\u2019homme et des peuples:<\/p>\n<p>Le travail d\u2019IHRDA implique de mani\u00e8re significative la Commission africaine, puisque cette derni\u00e8re est l\u2019organe de traitement des plaintes le plus ancien du syst\u00e8me africain des droits de l\u2019homme. IHRDA participe \u00e0 sa session ordinaire, collabore \u00e9troitement avec ses m\u00e9canismes sp\u00e9ciaux et groupes de travail et lui soumet des communications au nom des victimes de violations des droits de l&rsquo;homme.<\/p>\n","protected":false},"excerpt":{"rendered":"<p>Il n&rsquo;y a aucune restriction sur les personnes qui sont \u00e9ligibles pour porter des affaires devant la Commission africaine. Toute personne, physique ou juridique, peut&#8230;<\/p>\n","protected":false},"author":7,"featured_media":0,"parent":0,"menu_order":0,"comment_status":"closed","ping_status":"closed","template":"","meta":{"footnotes":""},"_links":{"self":[{"href":"https:\/\/www.ihrda.org\/fr\/wp-json\/wp\/v2\/pages\/9658"}],"collection":[{"href":"https:\/\/www.ihrda.org\/fr\/wp-json\/wp\/v2\/pages"}],"about":[{"href":"https:\/\/www.ihrda.org\/fr\/wp-json\/wp\/v2\/types\/page"}],"author":[{"embeddable":true,"href":"https:\/\/www.ihrda.org\/fr\/wp-json\/wp\/v2\/users\/7"}],"replies":[{"embeddable":true,"href":"https:\/\/www.ihrda.org\/fr\/wp-json\/wp\/v2\/comments?post=9658"}],"version-history":[{"count":1,"href":"https:\/\/www.ihrda.org\/fr\/wp-json\/wp\/v2\/pages\/9658\/revisions"}],"predecessor-version":[{"id":9884,"href":"https:\/\/www.ihrda.org\/fr\/wp-json\/wp\/v2\/pages\/9658\/revisions\/9884"}],"wp:attachment":[{"href":"https:\/\/www.ihrda.org\/fr\/wp-json\/wp\/v2\/media?parent=9658"}],"curies":[{"name":"wp","href":"https:\/\/api.w.org\/{rel}","templated":true}]}}