{"id":914,"date":"2010-10-29T12:28:51","date_gmt":"2010-10-29T12:28:51","guid":{"rendered":"http:\/\/ihrda.huritech.org\/"},"modified":"2012-02-09T19:38:32","modified_gmt":"2012-02-09T19:38:32","slug":"fonds-de-defense-juridique","status":"publish","type":"page","link":"https:\/\/www.ihrda.org\/fr\/fonds-de-defense-juridique\/","title":{"rendered":"Fonds d&rsquo;assistance juridique"},"content":{"rendered":"<p style=\"text-align: justify;\">IHRDA, avec le soutien financier de l\u2019<a href=\"http:\/\/www.osiwa.org\"><em>Open Society Initiative  for West Africa<\/em> (OSIWA)<\/a>, finance les individus\/groupes ayant soumis un  cas aupr\u00e8s de la <a href=\"http:\/\/www.achpr.org\">Commission africaine des droits de l\u2019homme et des  peuples<\/a>.   Le financement couvre le voyage, l\u2019h\u00e9bergement et autres  d\u00e9penses connexes.<\/p>\n<p style=\"text-align: center;\"><span style=\"color: #993300;\"><strong>NOUVEL APPEL A CANDIDATURES POUR LE FONDS D&rsquo;ASSISTANCE JURIDIQUE DE 51\u00e8me <\/strong><strong>SESSION DE LA COMMISSION <\/strong><strong>AFRICAINE. DATE LIMITE: le 9 mars 2012. <a href=\"https:\/\/www.ihrda.org\/fr\/2012\/02\/financement-appel-a-candidatures-pour-le-fonds-dassistance-juridique-feb-2012\/\">Lire l&rsquo;annonce compl\u00e8te<\/a><\/strong><\/span><\/p>\n<p><span style=\"color: #993300;\"><strong>Les candidats doivent remplir les crit\u00e8res suivants<\/strong><\/span><\/p>\n<ul>\n<li>Etre un ressortissant  ou une organisation d\u2019un Etat de la CEDEAO, le Cameroun, le Tchad ou la Mauritanie;<\/li>\n<li>Avoir soumis une communication aupr\u00e8s de la Commission africaine des  droits de l\u2019homme et des peuples (CmADHP) [les cas pr\u00e9sent\u00e9s devant la  CmADHP sont d\u00e9sign\u00e9s comme des \u00abcommunications\u00bb].<\/li>\n<\/ul>\n<p><span style=\"color: #993300;\"><strong> Les demandes doivent  se composer des \u00e9l\u00e9ments suivants<\/strong><\/span><\/p>\n<ul>\n<li>Une lettre de candidature;<\/li>\n<li>Une description de la communication, y compris des informations  d\u00e9taill\u00e9es sur l\u2019avancement de votre communication aupr\u00e8s de la  CmADHP \u2013  environ 800 mots;<\/li>\n<li>La preuve de la nationalit\u00e9 [par exemple copie de la carte d\u2019identit\u00e9, document d&rsquo;enregistrement ONG ou entreprise].<\/li>\n<\/ul>\n<p>Les demandes doivent \u00eatre adress\u00e9es \u00e0:<\/p>\n<address>Directeur e<em>x\u00e9cutif,<\/em><\/address>\n<address><em>Institute for Human Rights and Development in Africa (IHRDA),<\/em><\/address>\n<address><em>949 Brusubi Layout, AU Summit Highway,<\/em><\/address>\n<address><em>P O Box 18<\/em>96,  Banjul, Gambie.<\/address>\n<p><span style=\"color: #993300;\"><strong>Date limite pour les demandes <\/strong><\/span><\/p>\n<p>Les demandes pour ce Fonds doit \u00eatre re\u00e7u six (6) semaines avant le d\u00e9but d&rsquo;une session ordinaire de la CmADHP, qui ont g\u00e9n\u00e9ralement lieu en Mai et Novembre de chaque ann\u00e9e.<\/p>\n<p>NB: Toutes les demandes de subventions, bien que faite directement \u00e0 IHRDA en tant qu&rsquo;administrateur du Fonds, doit \u00eatre approuv\u00e9 en consultation avec OSIWA.<\/p>\n<p><span style=\"color: #993300;\"><strong>Laur\u00e9ats pr\u00e9c\u00e9dentes de subventions du Fonds de d\u00e9fense juridique<\/strong><\/span><\/p>\n<p>Depuis 2003, les plaignants suivantes avant la CmADHP ont re\u00e7u un financement:<\/p>\n<p><strong>287\/04 Titanji Duga Ernest [au nom de Cheonomu Martin et d&rsquo;autres] \/ Cameroun<\/strong><br \/>\nFinanc\u00e9 en Novembre 2006<br \/>\nMontant de la subvention: $ 1.878<\/p>\n<p><strong>266\/03  Dr Gumne &amp; 17 autres (Southern Cameroons National Council-SCNC et  du Sud Cameroun peuples &lsquo;Organisation-SCAPO, agissant pour eux-m\u00eames et  au nom du peuple de Southern Cameroons) \/ Cameroun<\/strong> (Droit de tous les peuples \u00e0 l&rsquo;\u00e9galit\u00e9 et les droits et Droit \u00e0 l&rsquo;autod\u00e9termination)<br \/>\nFinanc\u00e9 en Novembre 2005<br \/>\nMontant de la subvention: 12 940 $<\/p>\n<p><a href=\"http:\/\/caselaw.ihrda.org\/fr\/doc\/266.03\/\">Lire la d\u00e9cision sur la communication 266\/03<\/a><\/p>\n<p><span style=\"color: #993300;\"><strong>270\/03 Acess to Justice \/ Nigeria<\/strong><\/span> (Droit \u00e0 la vie; droit \u00e0 la libert\u00e9 personnelle et la protection contre les arrestations arbitraires)<br \/>\nFinanc\u00e9 en Novembre 2004<br \/>\nMontant de la subvention: 7136 $<\/p>\n<p><strong><span style=\"color: #993300;\">249\/02 IHRDA (au nom des r\u00e9fugi\u00e9s sierra l\u00e9onais en Guin\u00e9e) \/ Guin\u00e9e<\/span><\/strong> (protection contre la discrimination, l&rsquo;interdiction de la torture et les traitements cruels, inhumains et d\u00e9gradants; responsabilit\u00e9 de l&rsquo;\u00c9tat pour la protection des r\u00e9fugi\u00e9s)<br \/>\nFinanc\u00e9 en Novembre 2004<br \/>\nMontant de la subvention: 1019 $<\/p>\n<p><a href=\"http:\/\/caselaw.ihrda.org\/fr\/doc\/249.02\/\">Lire la d\u00e9cision sur la communication 249\/02<\/a><\/p>\n<p><strong><span style=\"color: #993300;\">272\/03 <\/span><span style=\"color: #993300;\">Association of Victims of Post Electoral Violence &amp; INTERIGHTS<\/span><\/strong><strong><span style=\"color: #993300;\"> \/ Cameroun<\/span><\/strong> (droit \u00e0 un proc\u00e8s \u00e9quitable)<\/p>\n<p>Financ\u00e9 en Novembre 2004, mai 2005 et mai 2006<br \/>\nLe montant total de la subvention: 18 421 $<\/p>\n<p><a href=\"http:\/\/caselaw.ihrda.org\/fr\/doc\/272.03\/\">Lire la d\u00e9cision sur la communication 273\/03<\/a><\/p>\n","protected":false},"excerpt":{"rendered":"<p>IHRDA, avec le soutien financier de l\u2019Open Society Initiative for West Africa (OSIWA), finance les individus\/groupes ayant soumis un cas aupr\u00e8s de la Commission africaine&#8230;<\/p>\n","protected":false},"author":7,"featured_media":0,"parent":0,"menu_order":0,"comment_status":"closed","ping_status":"closed","template":"","meta":{"footnotes":""},"_links":{"self":[{"href":"https:\/\/www.ihrda.org\/fr\/wp-json\/wp\/v2\/pages\/914"}],"collection":[{"href":"https:\/\/www.ihrda.org\/fr\/wp-json\/wp\/v2\/pages"}],"about":[{"href":"https:\/\/www.ihrda.org\/fr\/wp-json\/wp\/v2\/types\/page"}],"author":[{"embeddable":true,"href":"https:\/\/www.ihrda.org\/fr\/wp-json\/wp\/v2\/users\/7"}],"replies":[{"embeddable":true,"href":"https:\/\/www.ihrda.org\/fr\/wp-json\/wp\/v2\/comments?post=914"}],"version-history":[{"count":0,"href":"https:\/\/www.ihrda.org\/fr\/wp-json\/wp\/v2\/pages\/914\/revisions"}],"wp:attachment":[{"href":"https:\/\/www.ihrda.org\/fr\/wp-json\/wp\/v2\/media?parent=914"}],"curies":[{"name":"wp","href":"https:\/\/api.w.org\/{rel}","templated":true}]}}