{"id":9017,"date":"2015-08-19T14:26:34","date_gmt":"2015-08-19T14:26:34","guid":{"rendered":"http:\/\/www.ihrda.org\/vacancies\/vacancies\/"},"modified":"2021-02-15T15:37:55","modified_gmt":"2021-02-15T15:37:55","slug":"travailler-a-ihrda","status":"publish","type":"page","link":"https:\/\/www.ihrda.org\/fr\/opportunities\/travailler-a-ihrda\/","title":{"rendered":"Travailler \u00e0 IHRDA"},"content":{"rendered":"<p>IHRDA s&rsquo;efforce de recruter des personnes hautement qualifi\u00e9es et tr\u00e8s motiv\u00e9es, en tant que personnel \u00e0 plein temps, stagiaires et consultants par tout au monde entier pour contribuer \u00e0 la r\u00e9alisation de sa mission. C&rsquo;est une exp\u00e9rience impressionnante de travailler \u00e0 IHRDA, qui donne aux membres de son personnel la possibilit\u00e9 de travailler avec une \u00e9quipe multiculturelle de professionnels dans un environnement en \u00e9volution rapide \u00e0 l&rsquo;echelle r\u00e9gionale.<\/p>\n","protected":false},"excerpt":{"rendered":"<p>IHRDA s&rsquo;efforce de recruter des personnes hautement qualifi\u00e9es et tr\u00e8s motiv\u00e9es, en tant que personnel \u00e0 plein temps, stagiaires et consultants par tout au monde&#8230;<\/p>\n","protected":false},"author":7,"featured_media":0,"parent":6031,"menu_order":0,"comment_status":"closed","ping_status":"closed","template":"","meta":{"footnotes":""},"_links":{"self":[{"href":"https:\/\/www.ihrda.org\/fr\/wp-json\/wp\/v2\/pages\/9017"}],"collection":[{"href":"https:\/\/www.ihrda.org\/fr\/wp-json\/wp\/v2\/pages"}],"about":[{"href":"https:\/\/www.ihrda.org\/fr\/wp-json\/wp\/v2\/types\/page"}],"author":[{"embeddable":true,"href":"https:\/\/www.ihrda.org\/fr\/wp-json\/wp\/v2\/users\/7"}],"replies":[{"embeddable":true,"href":"https:\/\/www.ihrda.org\/fr\/wp-json\/wp\/v2\/comments?post=9017"}],"version-history":[{"count":1,"href":"https:\/\/www.ihrda.org\/fr\/wp-json\/wp\/v2\/pages\/9017\/revisions"}],"predecessor-version":[{"id":9685,"href":"https:\/\/www.ihrda.org\/fr\/wp-json\/wp\/v2\/pages\/9017\/revisions\/9685"}],"up":[{"embeddable":true,"href":"https:\/\/www.ihrda.org\/fr\/wp-json\/wp\/v2\/pages\/6031"}],"wp:attachment":[{"href":"https:\/\/www.ihrda.org\/fr\/wp-json\/wp\/v2\/media?parent=9017"}],"curies":[{"name":"wp","href":"https:\/\/api.w.org\/{rel}","templated":true}]}}