{"id":862,"date":"2010-10-29T11:29:58","date_gmt":"2010-10-29T11:29:58","guid":{"rendered":"http:\/\/ihrda.huritech.org\/"},"modified":"2015-06-18T07:44:41","modified_gmt":"2015-06-18T07:44:41","slug":"notre-histoire","status":"publish","type":"page","link":"https:\/\/www.ihrda.org\/fr\/about-us\/notre-histoire\/","title":{"rendered":"Notre histoire"},"content":{"rendered":"<p style=\"text-align: justify;\">IHRDA a \u00e9t\u00e9 cr\u00e9e en 1998 \u00e0 Banjul, en Gambie, par deux juristes des droits de l\u2019homme qui avaient travaill\u00e9 avec le Secr\u00e9tariat de Commission africaine des droits de l\u2019homme et des peuples.<\/p>\n<p style=\"text-align: justify;\">L\u2019objectif de l\u2019IHRDA est de contribuer \u00e0 l\u2019\u00e9dification d\u2019un continent o\u00f9 tous les individus auraient droit \u00e0 la justice, en faisant recours aux lois et institutions nationales, africaines et internationales prot\u00e9geant leurs droits fondamentaux.<\/p>\n<p style=\"text-align: justify;\">Son mandat est d\u2019am\u00e9liorer l\u2019effectivit\u00e9 et l\u2019accessibilit\u00e9 des m\u00e9canismes de protection des droits humains de l\u2019Union africaine \u00e0 travers la sensibilisation sur ces m\u00e9canismes, vu que l\u2019un des plus grands d\u00e9fis \u00e0 l\u2019effectivit\u00e9 du syst\u00e8me africain de protection des droits humains est la m\u00e9connaissance par les populations africaines des proc\u00e9dures qui r\u00e9gissent ce syst\u00e8me. L\u2019IHRDA a pris l\u2019initiative de promouvoir les droits humains sur le continent en renfor\u00e7ant les institutions africaines de droits humains, en faisant de sorte que les trait\u00e9s relatifs aux droits humains soient respect\u00e9s et en rendant le syst\u00e8me africain largement accessible aux victimes des violations des droits humains et aux acteurs de la soci\u00e9t\u00e9 civile.<\/p>\n<p style=\"text-align: justify;\">Il estime par ailleurs que le droit africain des droits l\u2019Homme peut \u00eatre un instrument efficace pour le plaidoyer et la justice, si la soci\u00e9t\u00e9 civile dispose de l\u2019information et de la formation n\u00e9cessaires, pouvant lui permettre d\u2019utiliser d\u2019une mani\u00e8re effective les trait\u00e9s relatifs aux droits de l\u2019Homme.<\/p>\n<p style=\"text-align: justify;\">\n<p style=\"text-align: justify;\">Pour accomplir la mission qu\u2019il s\u2019est assign\u00e9, l\u2019IHRDA utilise son expertise dans la mise en \u0153uvre du droit africain des droits l\u2019Homme pour\u00a0:<\/p>\n<ul style=\"text-align: justify;\">\n<li>Former les ONGs, les d\u00e9fenseurs des droits humains et autres acteurs de la soci\u00e9t\u00e9 civile, sur la documentation des cas de violation des droits humains, la pr\u00e9paration et la soumission de ces cas devant les instances africaines de protection des droits de l\u2019homme;<\/li>\n<li>Fournir une assistance juridique gratuite aux individus et ONGs ayant des contentieux contre les Etats parties aux divers trait\u00e9s africains de droits de l\u2019homme, devant les organes de mise en oeuvre de ces trait\u00e9s;<\/li>\n<li>Faire des recherches sur les nouvelles questions li\u00e9es aux\u00a0 droits de l\u2019homme et au d\u00e9veloppement en Afrique pour des publications et la diss\u00e9mination;<\/li>\n<li>Faire le plaidoyer en faveur des reformes juridiques dans les domaines des droits de l\u2019homme et des politiques de d\u00e9veloppement tant au niveau national qu\u2019africain.<\/li>\n<\/ul>\n<p style=\"text-align: justify;\">Le 11 f\u00e9vrier 2008, IHRDA c\u00e9l\u00e9brait les dix ann\u00e9es de son combat pour les droits humains en Afrique. Durant toute l\u2019ann\u00e9e 2008, les publications de l\u2019IHRDA ont \u00e9t\u00e9 annot\u00e9es par un logo sp\u00e9cial du dixi\u00e8me anniversaire.<\/p>\n<p style=\"text-align: justify;\"><a href=\"http:\/\/ihrda.huritech.org\/wp-content\/uploads\/2010\/10\/anniversaire-10-ans-Fev-08.pdf\">Cliquez ici pour la d\u00e9claration publique faite lors de cet anniversaire<\/a>.<\/p>\n<h2 style=\"text-align: justify;\"><strong><span style=\"color: #99cc00;\">Programmes<\/span><\/strong><\/h2>\n<p style=\"text-align: justify;\">Depuis sa cr\u00e9ation en 1998, l\u2019IHRDA n\u2019a cess\u00e9 d\u2019apporter sa contribution pour le renforcement du syst\u00e8me africain de protection des droits humains en offrant une assistance juridique gratuite aux victimes des violations de droits de l\u2019homme, en organisant des ateliers de formation et autres activit\u00e9s de renforcement des capacit\u00e9s en faveur des juristes et d\u00e9fenseurs des droits humains et en faisant des publications.<\/p>\n<p style=\"text-align: justify;\">L\u2019IHRDA a travaill\u00e9\u00a0individuellement ou avec des partenaires dans diff\u00e9rents pays africains comme la Mauritanie, la\u00a0Sierra Leone, la Guin\u00e9e, le Swaziland, le Liberia, la Gambie et est pr\u00e9sentement \u00e0 l\u2019\u0153uvre au Nigeria, en R\u00e9publique d\u00e9mocratique du Congo, au Kenya, en Ethiopie, au Zimbabwe, en Angola o\u00f9 elle fait soit un travail d\u2019assistance juridique, soit un travail de renforcement des capacit\u00e9s.<\/p>\n<p style=\"text-align: justify;\">Dans le but de faire avancer les droits de l\u2019homme sur le continent \u00e0 travers la mise en \u0153uvre des trait\u00e9s africains de protection des droits de l\u2019homme, l\u2019IHRDA a mis sur pied trois principaux programmes qui sont en r\u00e9alit\u00e9 compl\u00e9mentaires et interd\u00e9pendants\u00a0: le plaidoyer juridique, la renforcement des capacit\u00e9s et publications et communications.<\/p>\n","protected":false},"excerpt":{"rendered":"<p>IHRDA a \u00e9t\u00e9 cr\u00e9e en 1998 \u00e0 Banjul, en Gambie, par deux juristes des droits de l\u2019homme qui avaient travaill\u00e9 avec le Secr\u00e9tariat de Commission&#8230;<\/p>\n","protected":false},"author":7,"featured_media":0,"parent":5989,"menu_order":0,"comment_status":"closed","ping_status":"closed","template":"","meta":{"footnotes":""},"_links":{"self":[{"href":"https:\/\/www.ihrda.org\/fr\/wp-json\/wp\/v2\/pages\/862"}],"collection":[{"href":"https:\/\/www.ihrda.org\/fr\/wp-json\/wp\/v2\/pages"}],"about":[{"href":"https:\/\/www.ihrda.org\/fr\/wp-json\/wp\/v2\/types\/page"}],"author":[{"embeddable":true,"href":"https:\/\/www.ihrda.org\/fr\/wp-json\/wp\/v2\/users\/7"}],"replies":[{"embeddable":true,"href":"https:\/\/www.ihrda.org\/fr\/wp-json\/wp\/v2\/comments?post=862"}],"version-history":[{"count":0,"href":"https:\/\/www.ihrda.org\/fr\/wp-json\/wp\/v2\/pages\/862\/revisions"}],"up":[{"embeddable":true,"href":"https:\/\/www.ihrda.org\/fr\/wp-json\/wp\/v2\/pages\/5989"}],"wp:attachment":[{"href":"https:\/\/www.ihrda.org\/fr\/wp-json\/wp\/v2\/media?parent=862"}],"curies":[{"name":"wp","href":"https:\/\/api.w.org\/{rel}","templated":true}]}}