{"id":785,"date":"2010-10-29T10:02:56","date_gmt":"2010-10-29T10:02:56","guid":{"rendered":"http:\/\/ihrda.huritech.org\/"},"modified":"2010-11-07T11:56:21","modified_gmt":"2010-11-07T11:56:21","slug":"le-comite-africain-d%e2%80%99experts-sur-les-droits-et-le-bien-etre-de-l%e2%80%99enfant-caedbe","status":"publish","type":"page","link":"https:\/\/www.ihrda.org\/fr\/le-comite-africain-d%e2%80%99experts-sur-les-droits-et-le-bien-etre-de-l%e2%80%99enfant-caedbe\/","title":{"rendered":"Le Comit\u00e9 africain d\u2019\u00e9xperts sur les droits et le bien \u00eatre de l\u2019enfant (CAEDBE)"},"content":{"rendered":"<p style=\"text-align: justify;\"><strong>Cr\u00e9ation<\/strong><\/p>\n<p style=\"text-align: justify;\">Le Comit\u00e9 africain d\u2019\u00e9xperts sur les droits et le bien \u00eatre de l\u2019enfant (CAEDBE) a \u00e9t\u00e9 mis en place conform\u00e9ment \u00e0 l\u2019article 32 de la Charte africaine sur les droits et le bien \u00eatre de l\u2019enfant (CADBE). L\u2019article 42 de la CADBE lui assigne pour mission la promotion et la protection des droits de l\u2019enfant conform\u00e9ment \u00e0 ladite Charte.<\/p>\n<p style=\"text-align: justify;\"><strong>Mandat<\/strong><\/p>\n<p style=\"text-align: justify;\">Le mandat du CAEDBE consiste essentiellement \u00e0:<\/p>\n<ul style=\"text-align: justify;\" type=\"disc\">\n<li>Promouvoir et \u00e0 prot\u00e9ger les droits pr\u00e9vus dans la CADBE, particuli\u00e8rement rassembler les documents et les informations, faire proc\u00e9der \u00e0 des \u00e9valuations inter-disciplinaires concernant les probl\u00e8mes africains dans le domaine des droits et de la protection de l\u2019enfant, organiser des r\u00e9unions, encourager les institutions nationales et locales comp\u00e9tentes en mati\u00e8re des droits et de protection de l\u2019enfant, et au besoin, faire conna\u00eetre ses vues et pr\u00e9senter des recommandations aux gouvernements\u00a0;<\/li>\n<li>Elaborer et formuler des principes et r\u00e8gles visant \u00e0 prot\u00e9ger les droits et le bien \u00eatre de l\u2019enfant en Afrique;<\/li>\n<li>Suivre l\u2019application des droits consacr\u00e9s par la CADBE\u00a0; et<\/li>\n<li>Interpr\u00e9ter les dispositions de la CADBE \u00e0 la demande des Etats parties, des institutions de l\u2019UA ou de toute autre institution reconnue par l\u2019UA ou par un Etat membre.<\/li>\n<\/ul>\n<p style=\"text-align: justify;\">NB\u00a0: il est important de noter que les versions fran\u00e7aises et anglaises de l\u2019article 42 (c) de la CADBE ne sont pas identiques. En \u00e9num\u00e9rant les sujets habilit\u00e9s \u00e0 solliciter l\u2019interpr\u00e9tation des dispositions de la CADBE au CAEDBE, la version anglaise a ajout\u00e9 \u2018toute autre personne\u2019 et fait r\u00e9f\u00e9rence \u00e0 \u2018Etat partie\u2019 \u00e0 la fin du paragraphe. La version fran\u00e7aise quant \u00e0 elle ne contient pas \u2018toute autre personne\u2019 parmi les sujets habilit\u00e9s \u00e0 solliciter l\u2019interpr\u00e9tation de CADBE et \u00e0 la diff\u00e9rence de la version anglaise, pr\u00e9cise \u2018Etat membre\u2019 \u00e0 la fin du paragraphe.<\/p>\n<p style=\"text-align: justify;\"><strong>Composition<\/strong><\/p>\n<p style=\"text-align: justify;\">Le CAEDBE est compos\u00e9 de 11 membres \u00e9lus par l\u2019Assembl\u00e9e des Chefs d\u2019Etat et de gouvernement de l\u2019Union africaine. A l\u2019instar des Commissaires de la Commission africaine des droits de l\u2019homme et des peuples (CmADHP), ils servent en leur capacit\u00e9 individuelle pour une p\u00e9riode de cinq (5) ans mais \u00e0 la diff\u00e9rence des Commissaires, ils ne peuvent pas \u00eatre r\u00e9\u00e9lus.<\/p>\n<p style=\"text-align: justify;\">Les membres du CADBE sont des personnes ayant les hautes qualit\u00e9s de moralit\u00e9, d\u2019int\u00e9grit\u00e9, d\u2019impartialit\u00e9 et de comp\u00e9tence pour toutes les questions concernant les droits et le bien-\u00eatre de l\u2019enfant. En si\u00e9geant \u00e0 titre personnel, les membres du CADBE sont ind\u00e9pendants et ne repr\u00e9sentent aucun gouvernement. Ils servent \u00e0 titre b\u00e9n\u00e9vole. Les membres du CAEDBE sont issus de divers horizons incluant la soci\u00e9t\u00e9 civile, les organisations non gouvernementales, l\u2019enseignement sup\u00e9rieur et les institutions d\u2019Etat. Ils pr\u00e9servent toutefois leur ind\u00e9pendance et impartialit\u00e9, ils ne peuvent pas \u00eatre des fonctionnaires d\u2019une organisation inter-gouvernementale, d\u2019une agence des Nations unies ou occuper un poste politique tel que ministre ou parlementaire.<\/p>\n<p style=\"text-align: justify;\">Les tous premiers membres du comit\u00e9 ont \u00e9t\u00e9 \u00e9lus lors de 37<sup>\u00e8me<\/sup> Session de l\u2019Assembl\u00e9e des chefs d\u2019Etat et de gouvernement de l\u2019Organisation de l\u2019unit\u00e9 africaine (OUA), l\u2019organisation panafricaine de l\u2019\u00e9poque. Cette conf\u00e9rence avait \u00e9t\u00e9 tenue \u00e0 Lusaka, Zambie en juillet 2001.<\/p>\n<p style=\"text-align: justify;\">Ci-dessous se trouve la liste des membres du CAEDBE depuis sa cr\u00e9ation. Les noms en italique sont ceux des membres en exercice.<\/p>\n<p style=\"text-align: justify;\"><strong>Afrique du nord<\/strong><\/p>\n<blockquote style=\"text-align: justify;\"><p><em>Mme Dawlat Hassan (Egypte)<\/em><strong> <\/strong><\/p><\/blockquote>\n<p style=\"text-align: justify;\"><strong>Afrique de l\u2019Ouest<\/strong><\/p>\n<blockquote style=\"text-align: justify;\"><p>Mme Suzanne Aho (Togo); Mr Dirius Dial\u00e9 Dore (Guin\u00e9e) ; Mme Dior Fall Sow (S\u00e9n\u00e9gal) ; Mr Jean-Baptiste Zoungrana (Burkina Faso) ; Prof. Peter Ebigbo (Nig\u00e9ria) ; Mme Nakpa Polo (Togo) ; Juge Seynabou Ndiaye Diakhat\u00e9 (S\u00e9n\u00e9gal) ; Mme Marie Chantal Koffi Appoh (Cote d\u2019Ivoire) ; Mr Moussa Sissoko (Mali)<\/p>\n<p><em>Mr Cyprien Ad\u00e9bayo Yanclo (B\u00e9nin)<\/em><\/p>\n<p><em>Mme Agn\u00e8s Kabore Ouattara (Burkina Faso)<\/em><\/p>\n<p><em>Mme Maryam Uwais (Nig\u00e9ria)<\/em><\/p>\n<p><em>Dr Binyam Dawit Mezmur (Ethiopie)<\/em><\/p><\/blockquote>\n<p style=\"text-align: justify;\"><strong>Afrique de l\u2019Est<\/strong><\/p>\n<blockquote style=\"text-align: justify;\"><p>Juge Joyce Aluoch (Kenya) ; Dr Rebecca Mirembe Nyanyintono (Ouganda) ; Mr Stratton Nsanzabaanwa (Rwanda) ; Dr Assefa Bequele (Ethiopie) ; Juge Martha Koome (Kenya)<\/p><\/blockquote>\n<p style=\"text-align: justify;\"><strong>Afrique centrale<\/strong><\/p>\n<blockquote style=\"text-align: justify;\"><p>Mr Rudolph Soh (Cameroun) ; Mme Nanitom Motoyam (Tchad)<\/p><\/blockquote>\n<p style=\"text-align: justify;\"><strong>Afrique australe<\/strong><\/p>\n<blockquote style=\"text-align: justify;\"><p>Mr Karabo Karabo Mohau (Lesotho) ; Mr Louis Pierre Robert Ahnee (Ile Maurice) ; Dr Lulu Tshiwula (Afrique du sud) ; Mme Mamosebi T. Pholo (Lesotho) ; Mme Boipelo Lucia Seithlamo (Botswana)<\/p>\n<p><em>Mr Andrianirainy Rasamoely (Madagascar)<\/em><\/p><\/blockquote>\n<p style=\"text-align: justify;\"><strong> <\/strong><\/p>\n<p style=\"text-align: justify;\"><strong>Soumission des rapports<\/strong><\/p>\n<p style=\"text-align: justify;\">Le CAEDBE est habilet\u00e9 \u00e0 recevoir et \u00e0 examiner les rapports soumis par les Etats parties \u00e0 la CADBE sur les mesures qu\u2019ils ont adopt\u00e9s pour donner effet aux provisions ainsi que les progr\u00e8s r\u00e9alis\u00e9s dans l\u2019exercice de ces droits. Les rapports initiaux sont cens\u00e9 \u00eatre d\u00e9pos\u00e9s deux (2) ans apr\u00e8s le d\u00e9marrage des travaux du CAEDBE et ensuite, tous les trois ans.<\/p>\n<p style=\"text-align: justify;\">Le CAEDBE a commenc\u00e9 l\u2019examen des rapports des Etats parties lors de la 11<sup>\u00e8me<\/sup> session qui s\u2019est tenue en mai 2008. Avant cette session, il a organis\u00e9 une pr\u00e9-session pour examiner des rapports soumis par l\u2019Egypte, l\u2019Ile Maurice, le Nigeria et le Rwanda.<\/p>\n<p style=\"text-align: justify;\"><strong>Proc\u00e9dure des communications<\/strong><\/p>\n<p style=\"text-align: justify;\">Le CAEDBE est le seul organe de trait\u00e9 sur les droits des enfants dans le monde habilet\u00e9 \u00e0 recevoir des communications contre les Etats. Les all\u00e9gations contre les Etats peuvent porter sur n\u2019importe quelle question trait\u00e9e par la CADBE et peuvent \u00eatre pr\u00e9sent\u00e9es par un individu, groupe ou organisation non gouvernementale reconnue par l\u2019UA, un Etat membre ou l\u2019Organisation des Nations Unies.<\/p>\n<p style=\"text-align: justify;\">Le CAEDBE a d\u00e9velopp\u00e9 des Directives pour l\u2019examen des communications pr\u00e9vues \u00e0 l\u2019article 44 de la Charte africaine sur les droits et le bien-\u00eatre de l\u2019enfant (CADBE) ainsi que des Directives relatives \u00e0 la conduite des enqu\u00eates en vertu de l\u2019article 45 de la CADBE et de l\u2019article 74 de son r\u00e8glement int\u00e9rieur. En 2005, il a entrepris sa premi\u00e8re mission d\u2019investigation au nord de l\u2019Ouganda. Le CAEDBE a re\u00e7u deux communications qui restent \u00e0 \u00eatre examin\u00e9s.<\/p>\n<p style=\"text-align: justify;\">Le CAEDBE est aussi habilit\u00e9 en vertu de l\u2019article 45 de la CADBE \u00e0 recourir \u00e0 tout autre m\u00e9thode d\u2019investigation appropri\u00e9e pour enqu\u00eater sur toute question relevant dudit instrument. Ceci constitue un \u00e9largissement du mandat de protection du CAEDBE.<\/p>\n<p style=\"text-align: justify;\"><strong>D\u00e9veloppement du \u201cSoft law\u201d<\/strong><\/p>\n<p style=\"text-align: justify;\">Le CAEDBE n\u2019a pas encore d\u00e9velopp\u00e9 ses principes et r\u00e8gles. Ces principes devraient \u00eatre similaires \u00e0 ceux d\u00e9velopp\u00e9s par le Comit\u00e9 de l\u2019ONU sur les droits de l\u2019enfant.<\/p>\n<p style=\"text-align: justify;\">En ce qui est de son mandat d\u2019interpr\u00e9tation, aucune demande d\u2019interpr\u00e9tation ne lui \u00e9t\u00e9 jusque l\u00e0 soumis sur les dispositions de la CADBE.<\/p>\n<p style=\"text-align: justify;\"><strong>Coop\u00e9ration avec le syst\u00e8me africain des droits humains<\/strong><\/p>\n<p style=\"text-align: justify;\">Etant similaire \u00e0 la Commission africaine des droits de l\u2019homme et des peuples (CmADHP) de par son mandat et sa structure, les organes du syst\u00e8me africain des droits de l\u2019homme vont susciter sans cesse une \u00e9tude comparative. En vertu de l\u2019article 30 du nouveau Protocole portant cr\u00e9ation de la Cour africaine de justice et des droits de l\u2019homme adopt\u00e9 par l\u2019Assembl\u00e9e de l\u2019UA en 2008, aussi bien la CmADHP que le CAEDBE ont la possibilit\u00e9 de soumettre des cas \u00e0 ladite Cour. La coop\u00e9ration entre ces deux institutions qui ont la qualit\u00e9 d\u2019agir devant la Cour africaine de justice et des droits de l\u2019homme (CAJDH) leur sera mutuellement b\u00e9n\u00e9fique et donc capitale pour leur \u00e9volution.<\/p>\n<p style=\"text-align: justify;\">Les d\u00e9marches enclench\u00e9es par le CADBE et la CmADHP m\u00e9ritent d\u2019\u00eatre salu\u00e9es. Le CAEDBE a pris part \u00e0 la 44<sup>\u00e8me<\/sup> Session ordinaire de la CmADHP tenue \u00e0 Abuja en novembre 2008. Bien plus, la CmADHP a durant sa 45<sup>\u00e8me<\/sup> Session ordinaire organis\u00e9e \u00e0 Banjul en mai 2009 adopt\u00e9\u00a0<em>ACHPR\/Res144 (XXXXV) 09: R\u00e9solution sur la coop\u00e9ration entre la Commission africaine des droits de l\u2019homme et des peuples et le Comit\u00e9 africain d\u2019experts sur les droits et le bien \u00eatre de l\u2019enfant.<\/em><\/p>\n<p style=\"text-align: justify;\"><strong>Sessions<\/strong><\/p>\n<p style=\"text-align: justify;\">Le CAEDBE a tenue sa session inaugurale du 29 avril au 2 mai 2002, au cours de laquelle les membres ont d\u00e9battu du projet du R\u00e8glement int\u00e9rieur et des directives pour les rapports initiaux des Etats parties. Sur les questions th\u00e9matiques, cette premi\u00e8re session a permis de discuter entre autres de la situation des enfants dans les conflits arm\u00e9es, les orphelins affect\u00e9s et infect\u00e9s par le VIH\/SIDA.<\/p>\n<p style=\"text-align: justify;\"><a href=\"http:\/\/www.ihrda.org\/fr\/images\/Rapport%2012%20CAEDBE%20Session%20Fr%20nov2008.pdf\">Rapport de la 12<sup>\u00e8me<\/sup> session du CAEDBE\u00a0<img loading=\"lazy\" decoding=\"async\" src=\"http:\/\/www.ihrda.org\/fr\/images\/pdf_iconsmall.jpg\" alt=\"\" width=\"20\" height=\"18\" align=\"bottom\" \/> <\/a><\/p>\n<p style=\"text-align: justify;\"><a href=\"http:\/\/www.ihrda.org\/fr\/images\/Rapport%2013%20CAEDBE%20session%20Fr%20avr2008.pdf\">Rapport de la 13<sup>\u00e8me <\/sup>session du CAEDBE<img loading=\"lazy\" decoding=\"async\" src=\"http:\/\/www.ihrda.org\/fr\/images\/pdf_iconsmall.jpg\" alt=\"\" width=\"20\" height=\"18\" align=\"bottom\" \/> <\/a><\/p>\n<p style=\"text-align: justify;\">\n<p style=\"text-align: justify;\"><strong>Evaluations inter-disciplinaires<\/strong><\/p>\n<p style=\"text-align: justify;\">Au sujet de de la possibilit\u00e9 de faire proc\u00e9der \u00e0 des \u00e9valuations inter-disciplinaires concernant les probl\u00e8mes africains dans le domaine des droits et de la protection de l\u2019enfant, le CAEDBE a proc\u00e9d\u00e9 \u00e0 une \u00e9tude sur le principe de \u2018l\u2019int\u00e9r\u00eat sup\u00e9rieur de l\u2019enfant\u2019 ainsi que sur \u2018l\u2019article 31\u2019 de la CADBE portant sur les devoirs des enfants. Les conclusions de cette \u00e9tude ont \u00e9t\u00e9 pr\u00e9sent\u00e9es lors des 10<sup>\u00e8me<\/sup> et 12<sup>\u00e8me<\/sup> sessions du CAEDBE tenue respectivement en novembre 2007 et mai 2008.<\/p>\n<p style=\"text-align: justify;\"><strong>Participation de la soci\u00e9t\u00e9 civile<\/strong><\/p>\n<p style=\"text-align: justify;\">Au del\u00e0 de la coop\u00e9ration avec les acteurs de la soci\u00e9t\u00e9 civile, le CADBE a beaucoup travaill\u00e9 avec les organisations non gouvernementales (ONG) depuis sa cr\u00e9ation. Afin de renforcer sa collaboration avec les ONG, il adopt\u00e9 des directives sur l\u2019octroi du statut d\u2019observateur \u00e0 celles-ci. Cependant, le CAEDBE ne s\u2019est pas encore engag\u00e9 dans une collaboration formelle avec les institutions nationales des droits de l\u2019homme. Le premier forum des ONG pr\u00e9c\u00e9dant la session du CAEDBE a \u00e9t\u00e9 organis\u00e9 avant la 13<sup>\u00e8me<\/sup> session tenue \u00e0 Addis Ababa, Ethiopie du 17 au 19 avril 2009.<\/p>\n","protected":false},"excerpt":{"rendered":"<p>Cr\u00e9ation Le Comit\u00e9 africain d\u2019\u00e9xperts sur les droits et le bien \u00eatre de l\u2019enfant (CAEDBE) a \u00e9t\u00e9 mis en place conform\u00e9ment \u00e0 l\u2019article 32 de&#8230;<\/p>\n","protected":false},"author":7,"featured_media":0,"parent":0,"menu_order":0,"comment_status":"closed","ping_status":"closed","template":"AHRS.php","meta":{"footnotes":""},"_links":{"self":[{"href":"https:\/\/www.ihrda.org\/fr\/wp-json\/wp\/v2\/pages\/785"}],"collection":[{"href":"https:\/\/www.ihrda.org\/fr\/wp-json\/wp\/v2\/pages"}],"about":[{"href":"https:\/\/www.ihrda.org\/fr\/wp-json\/wp\/v2\/types\/page"}],"author":[{"embeddable":true,"href":"https:\/\/www.ihrda.org\/fr\/wp-json\/wp\/v2\/users\/7"}],"replies":[{"embeddable":true,"href":"https:\/\/www.ihrda.org\/fr\/wp-json\/wp\/v2\/comments?post=785"}],"version-history":[{"count":0,"href":"https:\/\/www.ihrda.org\/fr\/wp-json\/wp\/v2\/pages\/785\/revisions"}],"wp:attachment":[{"href":"https:\/\/www.ihrda.org\/fr\/wp-json\/wp\/v2\/media?parent=785"}],"curies":[{"name":"wp","href":"https:\/\/api.w.org\/{rel}","templated":true}]}}