{"id":762,"date":"2010-10-29T09:34:41","date_gmt":"2010-10-29T09:34:41","guid":{"rendered":"http:\/\/ihrda.huritech.org\/"},"modified":"2021-02-15T09:17:57","modified_gmt":"2021-02-15T09:17:57","slug":"nous-sommes","status":"publish","type":"page","link":"https:\/\/www.ihrda.org\/fr\/about-us\/nous-sommes\/","title":{"rendered":"Qui nous sommes"},"content":{"rendered":"<p>L\u2019Institut pour les Droits Humains et le D\u00e9veloppement en Afrique (IDHDA) est une organisation non-gouvernementale (ONG) panafricaine qui vise \u00e0 promouvoir la connaissance des droits de l\u2019homme en Afrique et \u00e0 en am\u00e9liorer le respect. L\u2019IDHDA a pour objectif de permettre \u00e0 tous les citoyens du continent l\u2019acc\u00e8s \u00e0 la justice, en se basant sur le droit humanitaire national, africain et international, et une action qui se r\u00e9sume en trois mots&nbsp;: <b>d\u00e9fendons, \u00e9duquons, informons<\/b>.<\/p>\n<p><b><i>Histoire<\/i><\/b><\/p>\n<p>Deux avocats sp\u00e9cialistes des droits humains sont \u00e0 l\u2019origine d\u2019IDHDA&nbsp;: Julia Harrington et le regrett\u00e9 Alpha Fall, ayant travaill\u00e9 pr\u00e9c\u00e9demment au Secr\u00e9tariat de la Commission africaine des droits de l&rsquo;homme et des peuples (CmADHP). L\u2019IDHDA a \u00e9t\u00e9 fond\u00e9 en 1998 \u00e0 Banjul, en Gambie, et, depuis, la d\u00e9termination \u00e0 d\u00e9fendre les droits humains de tous les citoyens du continent africain qui a motiv\u00e9 sa formation est rest\u00e9e intacte.<\/p>\n<p><b><i>D\u00e9fendre&nbsp;: le Travail Juridique<\/i><\/b><\/p>\n<p>L\u2019IDHDA s\u2019est impliqu\u00e9 b\u00e9n\u00e9volement<i> <\/i>dans plus de 35 proc\u00e9dures juridiques dans 16 pays d\u2019Afrique et s\u2019efforce de diversifier son champ d\u2019action afin de s\u2019assurer que toutes les dispositions l\u00e9gales concernant les droits humains soient appliqu\u00e9es et deviennent r\u00e9alit\u00e9.<\/p>\n<p><b><i>\u00c9duquer&nbsp;: Renforcer les Comp\u00e9tences<\/i><\/b><\/p>\n<p>\u00c0 travers ses programmes, l\u2019IDHDA renforce les comp\u00e9tences des avocats et des activistes du domaine des droits humains en les sensibilisant \u00e0 l\u2019importance de leurs droits ainsi qu\u2019aux divers moyens qui leur permettent d\u2019obtenir r\u00e9paration si ceux-ci sont viol\u00e9s. Ces programmes permettent \u00e9galement \u00e0 l\u2019IDHDA d\u2019offrir des opportunit\u00e9s de collaborations \u00e0 d\u2019\u00e9ventuels stagiaires ou confr\u00e8res passionn\u00e9s par les droits humains \u00e0 travers le monde. L\u2019IDHDA a d\u00e9j\u00e0 employ\u00e9 plus de 70 stagiaires de toutes nationalit\u00e9s, gr\u00e2ce auxquels l\u2019organisation b\u00e9n\u00e9ficie d\u2019initiatives innovantes et in\u00e9dites inspir\u00e9es par de jeunes esprits ambitieux et motiv\u00e9s.<\/p>\n<p><b><i>Informer&nbsp;: Analyseur de Jurisprudence et Publications<\/i><\/b><\/p>\n<p>La jurisprudence est au c\u0153ur de tout travail concernant les droits humains dans la r\u00e9gion, raison pour laquelle un des projets majeurs de l\u2019IDHDA est l\u2019Analyseur de Jurisprudence africaine (Case Law Analyzer, CLA) qui regroupe les d\u00e9cisions de justice li\u00e9es aux droits humains des organes judiciaires africains en anglais, fran\u00e7ais et portugais. L\u2019IDHDA publie \u00e9galement des ouvrages consacr\u00e9s entre autres aux droits humains et \u00e0 leur mise en \u0153uvre, au travail juridique b\u00e9n\u00e9vole et \u00e0 la compilation de la jurisprudence de la CmADHP. L\u2019un des ouvrages les plus populaires publi\u00e9s par l\u2019IDHDA est le <b>Human Rights Defenders Guide<\/b>, le guide des d\u00e9fenseurs des droits humains, disponible en t\u00e9l\u00e9chargement gratuit&nbsp;sur le site de l\u2019IDHDA.<\/p>\n<p><b><i>Reconnaissance<\/i><\/b><\/p>\n<p>Le travail rigoureux et l\u2019engagement continu \u00e0 d\u00e9fendre, \u00e9duquer et informer le monde de l\u2019\u00e9tat des Droits Humains en Afrique de l\u2019IDHDA ont \u00e9t\u00e9 reconnus \u00e0 de nombreuses reprises. L\u2019Institut a re\u00e7u le prix de premier finaliste du Prix de la CmADHP d\u00e9cern\u00e9 \u00e0 une ONG africaine \u0153uvrant pour la promotion et la protection des droits de l\u2019homme en Afrique et contribuant au travail de la Commission africaine lors de la 52<sup>\u00e8me<\/sup> session ordinaire de la Commission \u00e0 Yamoussoukro (C\u00f4te d\u2019Ivoire) (9-22 octobre 2012).<\/p>\n<p>La route a \u00e9t\u00e9 longue et riche, mais pour l\u2019IDHDA, ce n\u2019est que le d\u00e9but.<\/p>\n","protected":false},"excerpt":{"rendered":"<p>L\u2019Institut pour les Droits Humains et le D\u00e9veloppement en Afrique (IDHDA) est une organisation non-gouvernementale (ONG) panafricaine qui vise \u00e0 promouvoir la connaissance des droits&#8230;<\/p>\n","protected":false},"author":7,"featured_media":0,"parent":5989,"menu_order":1,"comment_status":"closed","ping_status":"closed","template":"","meta":{"footnotes":""},"_links":{"self":[{"href":"https:\/\/www.ihrda.org\/fr\/wp-json\/wp\/v2\/pages\/762"}],"collection":[{"href":"https:\/\/www.ihrda.org\/fr\/wp-json\/wp\/v2\/pages"}],"about":[{"href":"https:\/\/www.ihrda.org\/fr\/wp-json\/wp\/v2\/types\/page"}],"author":[{"embeddable":true,"href":"https:\/\/www.ihrda.org\/fr\/wp-json\/wp\/v2\/users\/7"}],"replies":[{"embeddable":true,"href":"https:\/\/www.ihrda.org\/fr\/wp-json\/wp\/v2\/comments?post=762"}],"version-history":[{"count":1,"href":"https:\/\/www.ihrda.org\/fr\/wp-json\/wp\/v2\/pages\/762\/revisions"}],"predecessor-version":[{"id":9643,"href":"https:\/\/www.ihrda.org\/fr\/wp-json\/wp\/v2\/pages\/762\/revisions\/9643"}],"up":[{"embeddable":true,"href":"https:\/\/www.ihrda.org\/fr\/wp-json\/wp\/v2\/pages\/5989"}],"wp:attachment":[{"href":"https:\/\/www.ihrda.org\/fr\/wp-json\/wp\/v2\/media?parent=762"}],"curies":[{"name":"wp","href":"https:\/\/api.w.org\/{rel}","templated":true}]}}