{"id":756,"date":"2010-10-29T09:32:00","date_gmt":"2010-10-29T09:32:00","guid":{"rendered":"http:\/\/ihrda.huritech.org\/"},"modified":"2016-05-03T16:22:52","modified_gmt":"2016-05-03T16:22:52","slug":"bourses-de-stage","status":"publish","type":"page","link":"https:\/\/www.ihrda.org\/fr\/bourses-de-stage\/","title":{"rendered":"Bourses de stage"},"content":{"rendered":"<p style=\"text-align: justify;\">L\u2019IHRDA offre des bourses de stage g\u00e9n\u00e9ralement aux juristes qualifi\u00e9s et poss\u00e9dant une solide exp\u00e9rience professionnelle dans leurs pays d\u2019origine. Les stagiaires bousiers restent \u00e0 l\u2019IHRDA pendant une p\u00e9riode allant de trois mois \u00e0 une ann\u00e9e et tr\u00e8s souvent, consacrent leur temps \u00e0 effectuer des recherches sur les questions li\u00e9es aux droits de l\u2019homme et \u00e0 d\u00e9velopper des cas devant \u00eatre soumis \u00e0 la CmADHP ou \u00e0 un autre organe dans le syst\u00e8me africain des droits humains. Les stagiaires bousiers contribuent \u00e0 la mise en \u0153uvre d\u2019autres programmes de l\u2019IHRDA telles que la recherche et publication, le renforcement des capacit\u00e9s et le plaidoyer.<\/p>\n<p style=\"text-align: justify;\">En fonction de la disponibilit\u00e9 des fonds dans le cadre de certaines bourses de stage sp\u00e9cifiques, l\u2019IHRDA prend en charge le voyage li\u00e9 \u00e0 la bourse de stage et octroie une modeste allocation mensuelle pour couvrir les d\u00e9penses journali\u00e8res.<\/p>\n<p><a href=\"https:\/\/www.ihrda.org\/wp-content\/uploads\/2011\/09\/formulaire-de-stages-bourses-de-stage-Fr-sep-2011.doc\" target=\"_blank\">Formulaire de demande de stage\/bourses de stage<\/a><\/p>\n<p><a href=\"https:\/\/www.ihrda.org\/wp-content\/uploads\/2011\/07\/IHRDA-politique-de-program-de-stages-2011.pdf\" target=\"_blank\">Politique de stage\/bourses de stage<\/a><\/p>\n<h2><span style=\"color: #888888;\"><strong>Stagiaires actuels<\/strong><\/span><\/h2>\n<p>&nbsp;<\/p>\n<h2><span style=\"color: #888888;\"><strong>Anciens Stagiaires<br \/>\n<\/strong><\/span><\/h2>\n<p><strong>Fatou Bintou Sallah <\/strong>&#8211; Stagiaire en communications et droits (Gambie)<br \/>\nFatou Bintou \u00e9tait \u00e9tudiante en droit, en derni\u00e8re ann\u00e9e \u00e0 l&rsquo;Universit\u00e9 de la Gambie. Elle a eu un dipl\u00f4me de l\u2019Ecole Internationale de l\u2019Afrique de l&rsquo;Ouest en 2009. Avant de se joindre \u00e0 l\u2019IHRDA en 2014, elle \u00e9tait stagiaire en droit au minist\u00e8re de la Justice en Gambie pour une p\u00e9riode d&rsquo;un an; au Centre Africain pour les Etudes en D\u00e9mocratie et les Droits de l&rsquo;Homme, ainsi qu\u2019\u00e0 un cabinet priv\u00e9 de droit. Elle est beaucoup int\u00e9ress\u00e9e sur les droits des femmes, et vise une carri\u00e8re en droits de l&rsquo;homme.<\/p>\n<p><strong>Simone Zagbo <\/strong>&#8211; Stagiaire en droits (Cote D&rsquo;Ivoire)<\/p>\n<p>Titulaire d\u2019un Master en Droit des Affaires et d\u2019une Licence en Droit Priv\u00e9 obtenus respectivement \u00e0 l\u2019Universit\u00e9 Cheikh AntaDiop de Dakar au S\u00e9n\u00e9gal et \u00e0 l\u2019Universit\u00e9 de Bouak\u00e9 (devenue Universit\u00e9 Alassane Ouattara) en C\u00f4te d\u2019Ivoire, Simone a occup\u00e9 le poste de Juriste et G\u00e9rante dans une entreprise priv\u00e9e \u00e0 Abidjan en C\u00f4te d\u2019Ivoire avant que sa passion pour le Droit International des Droits de l\u2019Homme ne l\u2019am\u00e8ne\u00e0 IHRDA o\u00f9 elle compte donner un tournant d\u00e9cisif\u00e0 sa conversion en Avocate des Droits Humains. Simone \u00e0un int\u00e9r\u00eatparticulierpour les Droits des Femmes et des Enfants en situation de conflits\/crises. Elle aime voyager et apprendre de nouvelles cultures.<\/p>\n<p><strong>Watna Horemans &#8211; <\/strong>Assistant bilingue de Publications et de Communications(Cap Vert\/Belgique)<\/p>\n<p><a href=\"https:\/\/www.ihrda.org\/wp-content\/uploads\/2010\/10\/DSC02812.jpg\"><img loading=\"lazy\" decoding=\"async\" class=\"alignleft size-full wp-image-4121\" title=\"DSC02812\" src=\"https:\/\/www.ihrda.org\/wp-content\/uploads\/2010\/10\/DSC02812.jpg\" alt=\"\" width=\"160\" height=\"130\" \/><\/a>N\u00e9 d&rsquo;une m\u00e8re s\u00e3o-tom\u00e9enne et d&rsquo;un p\u00e8re belge, Watna a v\u00e9cu avec sa famille pendant plusieurs ann\u00e9es dans diff\u00e9rents endroits (Cap-Vert, Italie, Burundi et B\u00e9nin) et a effectu\u00e9 ses \u00e9tudes secondaires \u00e0 Cotonou. Watna est dipl\u00f4m\u00e9 en Sciences Politiques de l\u2019Universit\u00e9 Libre de Bruxelles et d\u00e9tient un DES en Droits de l\u2019Homme des Facult\u00e9s Universitaires Saint Louis. Ses \u00e9tudes sont une expression de son int\u00e9r\u00eat pour les questions politiques, les cons\u00e9quences que celles-ci peuvent avoir dans les soci\u00e9t\u00e9s dans lesquelles nous vivons et les moyens de les am\u00e9liorer. V\u00e9ritable polyglotte, Watna parle couramment le fran\u00e7ais et le portugais, ainsi que l&rsquo;anglais, l&rsquo;espagnol et l&rsquo;italien, et pratique \u00a0un peu le n\u00e9erlandais. Particuli\u00e8rement engag\u00e9 \u00e0 travailler dans la d\u00e9fense et la promotion des droits de l&rsquo;homme, Watna a d\u00e9j\u00e0 collabor\u00e9 avec Amnesty International Belgique francophone et a effectu\u00e9 6 mois de stage \u00e0 IHRDA en 2011 sur le projet CLA.<\/p>\n<p><strong>Elizabeth Kumbong Amaazee<\/strong> &#8211;\u00a0Assistante bilingue de Publications et de Communications (Cameroun)<\/p>\n<p><a href=\"https:\/\/www.ihrda.org\/wp-content\/uploads\/2010\/08\/Document9-2.jpg\"><img loading=\"lazy\" decoding=\"async\" class=\"alignleft\" title=\"Document(9) (2)\" src=\"https:\/\/www.ihrda.org\/wp-content\/uploads\/2010\/08\/Document9-2.jpg\" alt=\"\" width=\"125\" height=\"150\" \/><\/a>Madame Amaazee est titulaire d&rsquo;un Masters en Traduction. Elle est dipl\u00f4m\u00e9e de l&rsquo;Universit\u00e9 de Yaound\u00e9 I en 2005 avec une License (avec distinction) en \u00c9tudes bilingues (anglais-fran\u00e7ais). Elle a r\u00e9ussit le concours d&rsquo;entr\u00e9e \u00e0 l&rsquo;\u00c9cole sup\u00e9rieure des Traducteurs et Interpr\u00e8tes (ASTI) de l&rsquo;Universit\u00e9 de Buea, au Cameroun, en novembre 2007. Dans le cadre de ses \u00e9tudes, elle a fait un stage de six semaines au Minist\u00e8re de la Justice (MINJUS) au Cameroun. Elle a ensuite \u00e9t\u00e9 s\u00e9lectionn\u00e9e pour un stage de six mois dans la Section d&rsquo;Interpr\u00e9tation et de Traduction (STIC) de la Cour p\u00e9nale internationale (CPI) \u00e0 La Haye. Elle fait la traduction, la terminologie, la r\u00e9vision et l&rsquo;interpr\u00e9tariat en tant que free-lance. \u00a0Elle est une b\u00e9n\u00e9vole pour <em>doCip<\/em> (Centre de Documentation, de Recherche et d&rsquo;Information des Peuples Autochtones) bas\u00e9 \u00e0 Gen\u00e8ve \u2013 La Suisse. Elle a publi\u00e9 un article sur \u00abL&rsquo;impact de la mondialisation sur les perceptions fondamentales de couleurs et de la culture dans les soci\u00e9t\u00e9s africaines\u00bb publi\u00e9s sur <strong><em>TRANS<\/em><\/strong> (un journal en ligne).Ses int\u00e9r\u00eats comprennent le cin\u00e9ma, la mode, la cuisine, la musique et la danse.<\/p>\n<p><strong>Malick Jallow<\/strong> \u2013 Assistant de Recherche juridique (Gambie)<\/p>\n<p><a href=\"https:\/\/www.ihrda.org\/wp-content\/uploads\/2010\/08\/Jallow-pic2.jpg\"><img loading=\"lazy\" decoding=\"async\" class=\"alignleft\" src=\"https:\/\/www.ihrda.org\/wp-content\/uploads\/2010\/08\/Jallow-pic2.jpg\" alt=\"Jallow pic\" width=\"122\" height=\"160\" \/><\/a>M. Jallow est un avocat et titulaire d\u2019une licence en droit (avec distinction) de l\u2019Universit\u00e9 de Buckingham, Royaume-Uni (2006). Il a compl\u00e9t\u00e9 des \u00e9tudes sup\u00e9rieures \u00e0 l\u2019\u00c9cole de droit du Kenya (2012).<\/p>\n<p>Il a travaill\u00e9 comme stagiaire juridique pour le Tribunal sp\u00e9cial des Nations Unies pour la Sierra Leone (2008) o\u00f9 il s\u2019est concentr\u00e9 sur la recherche et l\u2019analyse juridique, de la Chambre d\u2019appel de la Cour, sur les questions relatives au droit p\u00e9nal et humanitaire international.<\/p>\n<p>En Juillet 2010, M. Jallow a re\u00e7u une bourse de l\u2019Union europ\u00e9enne pour travailler \u00e0 la Cour p\u00e9nale internationale \u00e0 La Haye, Pays-Bas. \u00c0 la CPI, il se concentre essentiellement sur les Droits des Victimes devant la Cour, d\u2019abord avec le Bureau du Greffier et plus tard avec le Bureau du conseil public pour les victimes.<\/p>\n<p>Il a servi son pays en qualit\u00e9 de Procureur au Bureau du Procureur et le Minist\u00e8re de la Justice de la Gambie (2010 et 2011), o\u00f9 il \u00e9tait principalement charg\u00e9 de donner des conseils juridiques \u00e0 l\u2019\u00e9tat et des poursuites p\u00e9nales devant les juridictions inf\u00e9rieures.<\/p>\n<p>En Octobre 2011, M. Jallow a \u00e9t\u00e9 choisi pour assurer la pr\u00e9sidence d\u2019un Groupe de travail et d\u2019aider \u00e0 la mise en \u0153uvre des recommandations pour la R\u00e9forme du Syst\u00e8me de Justice pour mineurs en Gambie.<\/p>\n<p>Il a publiquement parl\u00e9 et \u00e9crit pour promouvoir les Droits humains et le Droit humanitaire international. Il s\u2019agit du deuxi\u00e8me relais de Malick avec IHRDA ayant d\u00e9j\u00e0 travaill\u00e9 ici en 2011en tant que Charg\u00e9 du suivie des proc\u00e8s.<\/p>\n<p>M. Jallow est un musulman.<\/p>\n<p>&nbsp;<\/p>\n<p style=\"text-align: justify;\"><span style=\"color: #993300;\"><strong>Cas d\u00e9velopp\u00e9s gr\u00e2ce aux pr\u00e9c\u00e9dentes bourses de stages<\/strong><\/span><\/p>\n<h2 style=\"text-align: justify;\"><strong><span style=\"color: #99cc00;\">2009<\/span><\/strong><\/h2>\n<p style=\"text-align: justify;\">L\u2019IHRDA a offert deux bourses de stages aux Nicole Odia et Serge Lukunga, deux d\u00e9fenseurs des droits humains de la r\u00e9gion du Katanga en R\u00e9publique D\u00e9mocratique du Congo. Les boursiers stagiaires travaill\u00e9 sur des cas portant sur\u00a0:<\/p>\n<ul style=\"text-align: justify;\">\n<li><strong>393\/10<\/strong> IHRDA, Action contre l&rsquo;impunit\u00e9 et pour les droits humains (ACIDH) &amp; Rights &amp; Accountability in Development (RAID) \/ RDC &#8211; all\u00e9gations de grosses violations de droits humains dans la cit\u00e9 de Kilwa en octobre 2004 [<a href=\"https:\/\/www.ihrda.org\/fr\/2011\/03\/ihrda-acidh-et-raid-soumettent-une-communication-contre-la-rdc-devant-la-commission-africaine\/\" target=\"_blank\">connaitre d&rsquo;avantage<\/a>];<\/li>\n<li>les all\u00e9gations d\u2019\u00e9victions forc\u00e9es \u00e0 Kisiba, au Katanga en 2005.<\/li>\n<\/ul>\n<h2 style=\"text-align: justify;\"><strong><span style=\"color: #99cc00;\">2007\/8<\/span><\/strong><\/h2>\n<p style=\"text-align: justify;\">Gr\u00e2ce au soutien du Centre pour la justice transitionnelle, l\u2019IHRDA \u00e0 \u00e9t\u00e9 en mesure d\u2019accueillir en 2008 un stagiaire bousier, Mr Simon M Weldehaimanot de l\u2019Erythr\u00e9e qui a d\u00e9velopp\u00e9 la communication suivante:<\/p>\n<p style=\"text-align: justify;\"><strong>349\/07<\/strong> Simon Weldehaimanot \/ Erythr\u00e9e<\/p>\n<h2 style=\"text-align: justify;\"><strong><span style=\"color: #99cc00;\">2004<\/span><\/strong><\/h2>\n<p style=\"text-align: justify;\">Gr\u00e2ce au support financier de\u00a0<em>Open Society Initiative for Southern Africa<\/em> (OSISA), IHRDA a \u00e9t\u00e9 en mesure d\u2019accueillir deux stagiaires boursiers, Otto Saki du Zimbabw\u00e9 et Steve Kafumba du Malawi qui ont pr\u00e9par\u00e9 trois communications. Ces communications sont:<\/p>\n<p style=\"text-align: justify;\"><a href=\"http:\/\/caselaw.ihrda.org\/fr\/doc\/292.04\/view\/\" target=\"_blank\"><strong>292\/04<\/strong> IHRDA [au nom de Esmaila Connateh et 13 autres Gambiens] \/ Angola<\/a><\/p>\n<p style=\"text-align: justify;\"><a href=\"http:\/\/caselaw.ihrda.org\/fr\/doc\/293.04\/view\/\"><strong>293\/04<\/strong> Zimbabwe Lawyers for Human Rights (ZLHR) et IHRDA \/ Zimbabw\u00e9<\/a><\/p>\n<p style=\"text-align: justify;\"><a href=\"http:\/\/caselaw.ihrda.org\/fr\/doc\/294.04\/view\/\" target=\"_blank\"><strong>294\/04<\/strong> Zimbabwe Lawyers for Human Rights (ZLHR) et IHRDA (au nom de Andrew Barclay Meldrum) \/ Zimbabwe<\/a><\/p>\n<h2 style=\"text-align: justify;\"><strong><span style=\"color: #99cc00;\">2002<\/span><\/strong><\/h2>\n<p style=\"text-align: justify;\">Sabelo Gumedze, du Swaziland a pr\u00e9par\u00e9 la communication suivante et a fait une recherche approfondie sur le droit \u00e0 la citoyennet\u00e9 durant sa bourse de stage \u00e0 l\u2019IHRDA.<\/p>\n<p style=\"text-align: justify;\"><a href=\"http:\/\/caselaw.ihrda.org\/fr\/doc\/251.02\/view\/\" target=\"_blank\"><strong>251\/02<\/strong> Lawyers for Human Rights \/ Swaziland<\/a><\/p>\n","protected":false},"excerpt":{"rendered":"<p>L\u2019IHRDA offre des bourses de stage g\u00e9n\u00e9ralement aux juristes qualifi\u00e9s et poss\u00e9dant une solide exp\u00e9rience professionnelle dans leurs pays d\u2019origine. Les stagiaires bousiers restent \u00e0&#8230;<\/p>\n","protected":false},"author":7,"featured_media":5663,"parent":0,"menu_order":0,"comment_status":"closed","ping_status":"closed","template":"","meta":{"footnotes":""},"_links":{"self":[{"href":"https:\/\/www.ihrda.org\/fr\/wp-json\/wp\/v2\/pages\/756"}],"collection":[{"href":"https:\/\/www.ihrda.org\/fr\/wp-json\/wp\/v2\/pages"}],"about":[{"href":"https:\/\/www.ihrda.org\/fr\/wp-json\/wp\/v2\/types\/page"}],"author":[{"embeddable":true,"href":"https:\/\/www.ihrda.org\/fr\/wp-json\/wp\/v2\/users\/7"}],"replies":[{"embeddable":true,"href":"https:\/\/www.ihrda.org\/fr\/wp-json\/wp\/v2\/comments?post=756"}],"version-history":[{"count":0,"href":"https:\/\/www.ihrda.org\/fr\/wp-json\/wp\/v2\/pages\/756\/revisions"}],"wp:featuredmedia":[{"embeddable":true,"href":"https:\/\/www.ihrda.org\/fr\/wp-json\/wp\/v2\/media\/5663"}],"wp:attachment":[{"href":"https:\/\/www.ihrda.org\/fr\/wp-json\/wp\/v2\/media?parent=756"}],"curies":[{"name":"wp","href":"https:\/\/api.w.org\/{rel}","templated":true}]}}