{"id":751,"date":"2010-10-29T09:21:53","date_gmt":"2010-10-29T09:21:53","guid":{"rendered":"http:\/\/ihrda.huritech.org\/"},"modified":"2012-03-20T17:30:25","modified_gmt":"2012-03-20T17:30:25","slug":"le-conseil-dadministration","status":"publish","type":"page","link":"https:\/\/www.ihrda.org\/fr\/le-conseil-dadministration\/","title":{"rendered":"Conseil d\u2019administration"},"content":{"rendered":"<p style=\"text-align: justify;\">Le Conseil d\u2019administration a pour mission de d\u00e9velopper les r\u00e8gles devant r\u00e9gir le travail de l\u2019IHRDA et de veiller \u00e0 la bonne administration de l\u2019organisation. Les membres du Conseil d\u2019administration sont nomm\u00e9s en fonction de leur expertise et exp\u00e9rience dans le domaine du droit international de l\u2019homme ainsi que de leur int\u00e9r\u00eat pour les questions de droits humains et de d\u00e9veloppement en Afrique.<\/p>\n<p style=\"text-align: justify;\"><strong><span style=\"color: #99cc00;\">Janet Ramatoulie Sallah-Njie<\/span><\/strong> &#8211; Pr\u00e9sidente (Gambie)<\/p>\n<p style=\"text-align: justify;\">Mme Sallah-Njie est une praticienne du Droit \u00a0tr\u00e8s respect\u00e9e. Elle\u00a0 dirige son propre cabinet d\u2019avocat\u00a0; Torodo Chambers. La Pr\u00e9sident fondatrice de <em>Female Lawyers Association of The Gambia<\/em> (l&rsquo;Association Femme avocates de la Gambie &#8211; FLAG), Mme Sallah-Njie a investi plus de deux d\u00e9cennies dans l&rsquo;administration de pratique juridique et \u00e0 but non lucratif de plaidoyer pour les droits des femmes. Elle a si\u00e9g\u00e9 aux Conseils de <em>Action Aid International Gambia<\/em> (Action Aid International de la Gambie), et fournit des conseils juridiques sur une base volontaire \u00e0 <em>West Africa Public Interest Litigation Centre<\/em> (Centre de litige d&rsquo;int\u00e9r\u00eat public en Afrique de l&rsquo;Ouest &#8211; WAPILC), <em>Girl Guides Association of The Gambia<\/em> (Association des guides des filles de la Gambie), FAWEGAM, <em>The Francis Degaulle Njie Foundation<\/em> (la Fondation Francis Degaulle Njie) en Gambie. Elle vient avec une passion et une longue exp\u00e9rience en mati\u00e8re de plaidoyer pour les droits de l\u2019homme. Une ancienne Vice-pr\u00e9sidente du Barreau de la Gambie et du Adjointe du Procureur g\u00e9n\u00e9ral de la Gambie, Mme Sallah-Njie prend la rel\u00e8ve de Mme Amie Bensouda, qui a \u00a0dirig\u00e9 le Conseil de l\u2019IHRDA depuis 2005.<\/p>\n<p style=\"text-align: justify;\"><span style=\"color: #99cc00;\"><strong>Soad Milad<\/strong><\/span> (Egypte)<\/p>\n<p style=\"text-align: justify;\">une sp\u00e9cialiste de la protection de l\u2019enfance et des droits des enfants. Elle est l\u2019ancienne directrice adjointe r\u00e9gionale pour le Moyen-Orient et la Conseill\u00e8re r\u00e9gionale p\u00e9dagogique pour le Moyen Orient \u00e0 SOS-Kinderdorf International. Elle est actuellement consultante pour le soutien organisationnel de <em>Wataneya Society for the Development of Orphanages<\/em> (la Soci\u00e9t\u00e9 Wataneya pour le d\u00e9veloppement des orphelinats). Mme Milad apporte une exp\u00e9rience de travail sur les questions des enfants Au moment m\u00eame o\u00f9 l\u2019IHRDA entend d\u00e9velopper son travail sur les questions des droits de l&rsquo;enfant sur le continent africain. Elle repr\u00e9sente par ailleurs une source indispensable pour l\u2019usage de la langue arabe dans la mesure o\u00f9 nous cherchons \u00e0 d\u00e9velopper notre travail dans ladite langue. Mme Milad est titulaire d&rsquo;un Masters en gestion des affaires de l&rsquo;Universit\u00e9 am\u00e9ricaine du Caire.<\/p>\n<p style=\"text-align: justify;\"><strong><span style=\"color: #99cc00;\">Katherine Mulhern<\/span> <\/strong>(Royaume-Uni)<strong><br \/>\n<\/strong><\/p>\n<p style=\"text-align: justify;\">Avocate, Mme Mulhern est une partenaire dans le Cabinet Kaye Scholer, division d&rsquo;entreprise. Elle est une avocate qualifi\u00e9e dans les march\u00e9s de capitaux \u00e0 New York et au Royaume-Uni en se concentrant sur les march\u00e9s internationaux d&rsquo;actions et les march\u00e9s des capitaux d&#8217;emprunt. Mme Mulhern poss\u00e8de un large \u00e9ventail d&rsquo;exp\u00e9rience dans les questions se rapportant aux titres de participation primaires et secondaires et elle a travaill\u00e9 \u00e0 la fois au Royaume-Uni et \u00e0 au niveau international. Mme Mulhern a travaill\u00e9 sur une s\u00e9rie d\u2019affaires de haut-profil li\u00e9es \u00e0 l\u2019assurance au cours des derni\u00e8res ann\u00e9es. Avant de se joindre \u00e0 Kaye Scholer, Mme Mulhern \u00e9tait \u00e0 la t\u00eate du litige des march\u00e9s des capitaux des \u00c9tats-Unis \u00e0 Hogan Lovells.<\/p>\n<p style=\"text-align: justify;\"><span style=\"color: #99cc00;\"><strong>Gilles Cistac<\/strong><\/span> (Mozambique)<\/p>\n<p style=\"text-align: justify;\">Professeur de droit \u00e0 l\u2019Universit\u00e9 Eduardo Mondlane (UEM) de Maputo. Il enseigne et coordonne le programme de Masters en droit international des droits de l&rsquo;homme et si\u00e8ge dans divers organes de direction de l\u2019Universit\u00e9. Il est consultant pour la soci\u00e9t\u00e9 civile, des organisations internationales et le gouvernement mozambicain en mati\u00e8re de politique et le d\u00e9veloppement des statuts. Il sert en tant que coordinateur sur le Conseil d&rsquo;administration de l&rsquo;UEM <em>Rev Jur. da Faculdade de Direito<\/em> (revue juridique de la Facult\u00e9 de droit) et il est professeur invit\u00e9 de droit \u00e0 l&rsquo;Universit\u00e9 de Toulouse I, o\u00f9 il a \u00e9tudi\u00e9 auparavant. Il est l&rsquo;auteur de nombreux articles de revues et livres publi\u00e9s. Il conserve un grand int\u00e9r\u00eat de recherche dans la loi \u00e9lectorale, constitutionnel et administratif. Il parle portugais, fran\u00e7ais et espagnol avec un peu de chinois, d\u2019italien et d\u2019anglais.<\/p>\n<p style=\"text-align: justify;\"><strong><span style=\"color: #99cc00;\">Julia Harrington<\/span> <\/strong>(Etats Unis d\u2019Amerique)<\/p>\n<p style=\"text-align: justify;\">Ms. Harrington, est co-fondatrice de l\u2019IHRDA et a \u00e9t\u00e9 la toute premi\u00e8re directrice ex\u00e9cutive de 1998 \u00e0 2003. Elle est actuellement la charg\u00e9e du programme \u00e9galit\u00e9 et citoyennet\u00e9 de\u00a0<em>Open Society Justice Initiative<\/em> (OSJI), bas\u00e9 \u00e0 New York. Elle est titulaire de dipl\u00f4mes en sciences sociales et en droit de l\u2019universit\u00e9 Harvard, USA. Avant de co-fonder l\u2019IHRDA, elle a travaill\u00e9 pendant quatre ann\u00e9es comme juriste \u00e0 la Commission africaine des droits de l\u2019homme et des peuples.<\/p>\n<p style=\"text-align: justify;\"><strong><span style=\"color: #99cc00;\">Pascal Kambal<\/span><span style=\"color: #99cc00;\">e<\/span> <\/strong> (R\u00e9publique d\u00e9mocratique du Congo)<\/p>\n<p style=\"text-align: justify;\">Mr Kambale est le directeur adjoint de\u00a0<em>Africa Governance Monitoring and Advocacy Project<\/em> (AfriMAP) \u00e0\u00a0<em>Open Society Institute <\/em>bas\u00e9 \u00e0 Dakar. Juriste de droits de l\u2019homme, il a enseign\u00e9 \u00e0 l\u2019Universit\u00e9 catholique de Graben \u00e0 Butembo, dans l\u2019Est de la RDC. Il a \u00e9tudi\u00e9 le droit international, le droit humanitaire et le droit constitutionnel \u00e0\u00a0<em>Harvard Law School<\/em> et \u00e0 l\u2019universit\u00e9 de Kinshasa. Mr Kambal\u00e9 a travaill\u00e9 avec\u00a0<em>Human Rights Watch<\/em> (HRW) et la Mission de paix des Nations Unies en Sierra Leone. Tr\u00e8s r\u00e9cemment, il a travaill\u00e9 comme membre de la Commission d\u2019enqu\u00eate sur les violences post \u00e9lectorales au Kenya.<\/p>\n<p style=\"text-align: justify;\"><strong><span style=\"color: #99cc00;\">Justice Amina Augie<\/span> <\/strong>(Nig\u00e9ria)<\/p>\n<p style=\"text-align: justify;\">Amina Augie est juge \u00e0 la cour d\u2019Appel du Nig\u00e9ria, division judiciaire de Kaduna.<\/p>\n<p><strong><span style=\"color: #99cc00;\">David Padilla <\/span><\/strong>(Etats Unis d\u2019Am\u00e9rique)<\/p>\n<p style=\"text-align: justify;\">Dr Padilla a servi comme Secr\u00e9taire ex\u00e9cutif adjoint de la Commission interam\u00e9ricaine des droits de l\u2019homme de 1980 \u00e0 2001. Il est titulaire d\u2019un doctorat en droit de l\u2019universit\u00e9 de Detroit, ainsi que des diplom\u00e9s de Master en relations internationales<em>,<\/em> en droit international et en administration<em> <\/em>publique<em>.<\/em> Il a enseign\u00e9 \u00e0 American University Law School entre 1987-1996<em>.<\/em> Il est actuellement professeur extraordinaire au\u00a0<em>Centre for Human Rights,<\/em> l\u2019universit\u00e9 de Pretoria.<\/p>\n<p style=\"text-align: justify;\"><strong><span style=\"color: #99cc00;\">Sheila B. Keetharuth<\/span> <\/strong>(Ile Maurice)\u00a0<em>Ex-officio<\/em><\/p>\n","protected":false},"excerpt":{"rendered":"<p>Le Conseil d\u2019administration a pour mission de d\u00e9velopper les r\u00e8gles devant r\u00e9gir le travail de l\u2019IHRDA et de veiller \u00e0 la bonne administration de l\u2019organisation&#8230;.<\/p>\n","protected":false},"author":7,"featured_media":0,"parent":0,"menu_order":0,"comment_status":"closed","ping_status":"closed","template":"about.php","meta":{"footnotes":""},"_links":{"self":[{"href":"https:\/\/www.ihrda.org\/fr\/wp-json\/wp\/v2\/pages\/751"}],"collection":[{"href":"https:\/\/www.ihrda.org\/fr\/wp-json\/wp\/v2\/pages"}],"about":[{"href":"https:\/\/www.ihrda.org\/fr\/wp-json\/wp\/v2\/types\/page"}],"author":[{"embeddable":true,"href":"https:\/\/www.ihrda.org\/fr\/wp-json\/wp\/v2\/users\/7"}],"replies":[{"embeddable":true,"href":"https:\/\/www.ihrda.org\/fr\/wp-json\/wp\/v2\/comments?post=751"}],"version-history":[{"count":0,"href":"https:\/\/www.ihrda.org\/fr\/wp-json\/wp\/v2\/pages\/751\/revisions"}],"wp:attachment":[{"href":"https:\/\/www.ihrda.org\/fr\/wp-json\/wp\/v2\/media?parent=751"}],"curies":[{"name":"wp","href":"https:\/\/api.w.org\/{rel}","templated":true}]}}