{"id":747,"date":"2010-10-29T09:17:26","date_gmt":"2010-10-29T09:17:26","guid":{"rendered":"http:\/\/ihrda.huritech.org\/"},"modified":"2021-02-08T15:38:02","modified_gmt":"2021-02-08T15:38:02","slug":"friends-of-the-institute-for-human-rights-and-development-in-africa","status":"publish","type":"page","link":"https:\/\/www.ihrda.org\/fr\/about-us\/friends-of-the-institute-for-human-rights-and-development-in-africa\/","title":{"rendered":"Les Amis d&rsquo;IHRDA"},"content":{"rendered":"[vc_row type=\u00a0\u00bbin_container\u00a0\u00bb full_screen_row_position=\u00a0\u00bbmiddle\u00a0\u00bb scene_position=\u00a0\u00bbcenter\u00a0\u00bb text_color=\u00a0\u00bbdark\u00a0\u00bb text_align=\u00a0\u00bbleft\u00a0\u00bb overlay_strength=\u00a0\u00bb0.3&Prime; shape_divider_position=\u00a0\u00bbbottom\u00a0\u00bb bg_image_animation=\u00a0\u00bbnone\u00a0\u00bb][vc_column column_padding=\u00a0\u00bbno-extra-padding\u00a0\u00bb column_padding_position=\u00a0\u00bball\u00a0\u00bb background_color_opacity=\u00a0\u00bb1&Prime; background_hover_color_opacity=\u00a0\u00bb1&Prime; column_link_target=\u00a0\u00bb_self\u00a0\u00bb column_shadow=\u00a0\u00bbnone\u00a0\u00bb column_border_radius=\u00a0\u00bbnone\u00a0\u00bb width=\u00a0\u00bb2\/3&Prime; tablet_width_inherit=\u00a0\u00bbdefault\u00a0\u00bb tablet_text_alignment=\u00a0\u00bbdefault\u00a0\u00bb phone_text_alignment=\u00a0\u00bbdefault\u00a0\u00bb column_border_width=\u00a0\u00bbnone\u00a0\u00bb column_border_style=\u00a0\u00bbsolid\u00a0\u00bb bg_image_animation=\u00a0\u00bbnone\u00a0\u00bb][vc_column_text]\nLes Amis d&rsquo;IHRDA:<\/p>\n<p>Friends of Les Amie de l&rsquo;Institut des droits de l&rsquo;homme et du d\u00e9veloppement en Afrique a \u00e9t\u00e9 cr\u00e9\u00e9 dans le but de:<\/p>\n<p>Soutenir les activit\u00e9s d\u2019IHRDA, y compris la distribution des publications d\u2019IHRDA aux \u00c9tats-Unis;<\/p>\n<p>Faire conna\u00eetre le travail d&rsquo;IHRDA aux \u00c9tats-Unis;<br \/>\nAgir en tant qu&rsquo;agent pour IHRDA aux \u00c9tats-Unis;<br \/>\nCollecter des fonds pour les programmes d\u2019IHRDA en permettant aux contribuables am\u00e9ricains de verser des contributions d\u00e9ductibles d\u2019imp\u00f4ts.<\/p>\n<p>Les Amis d&rsquo;IHRDA est enregistr\u00e9 dans l&rsquo;\u00c9tat du Maryland en tant qu&rsquo;organisation \u00e0 but non lucratif et est enregistr\u00e9 aupr\u00e8s de l&rsquo;Internal Revenue Service (IRS) des \u00c9tats-Unis en tant qu&rsquo;organisation exon\u00e9r\u00e9e d&rsquo;imp\u00f4t en vertu de l&rsquo;article 501 (c) (3) du US Internal Revenue Code. Par son statut directeur, les Amis d&rsquo;IHRDA a le m\u00eame conseil d&rsquo;administration qu&rsquo;IHRDA lui-m\u00eame, avec l&rsquo;ajout d&rsquo;un membre, le tr\u00e9sorier, qui, selon la loi du Maryland, doit \u00eatre un r\u00e9sident de l&rsquo;\u00c9tat.<\/p>\n<p>Les dons aux Amis d\u2019IHRDA sont utilis\u00e9s pour soutenir le travail d\u2019IHRDA visant \u00e0 renforcer la protection des droits de l\u2019homme en Afrique \u00e0 travers l&rsquo;appui juridique, le renforcement des capacit\u00e9s et les publications. Les dons peuvent \u00eatre envoy\u00e9s \u00e0:<\/p>\n<p>Friends of the Institute for Human Rights and Development in Africa<br \/>\n209 rue Harrison<br \/>\nRockville, MD 20850<\/p>\n<p>Pour plus d&rsquo;informations sur la fa\u00e7on dont votre don a \u00e9t\u00e9 utilis\u00e9, veuillez contacter le directeur g\u00e9n\u00e9ral.<\/p>\n<p>L&rsquo;enonc\u00e9 de la mission des Amis d&rsquo;IHRDA:<\/p>\n<p>Les Amis d&rsquo;IHRDA s&#8217;emploit \u00e0 accro\u00eetre l&rsquo;efficacit\u00e9 et l&rsquo;accessibilit\u00e9 des m\u00e9canismes de protection des droits de l&rsquo;homme de l&rsquo;Union africaine. Il le fait en soutenant et en faisant conna\u00eetre le travail d&rsquo;IHRDA.<br \/>\n[\/vc_column_text][\/vc_column][vc_column column_padding=\u00a0\u00bbno-extra-padding\u00a0\u00bb column_padding_position=\u00a0\u00bball\u00a0\u00bb background_color_opacity=\u00a0\u00bb1&Prime; background_hover_color_opacity=\u00a0\u00bb1&Prime; column_link_target=\u00a0\u00bb_self\u00a0\u00bb column_shadow=\u00a0\u00bbnone\u00a0\u00bb column_border_radius=\u00a0\u00bbnone\u00a0\u00bb width=\u00a0\u00bb1\/3&Prime; tablet_width_inherit=\u00a0\u00bbdefault\u00a0\u00bb tablet_text_alignment=\u00a0\u00bbdefault\u00a0\u00bb phone_text_alignment=\u00a0\u00bbdefault\u00a0\u00bb column_border_width=\u00a0\u00bbnone\u00a0\u00bb column_border_style=\u00a0\u00bbsolid\u00a0\u00bb bg_image_animation=\u00a0\u00bbnone\u00a0\u00bb][\/vc_column][\/vc_row]\n","protected":false},"excerpt":{"rendered":"<p>[vc_row type=\u00a0\u00bbin_container\u00a0\u00bb full_screen_row_position=\u00a0\u00bbmiddle\u00a0\u00bb scene_position=\u00a0\u00bbcenter\u00a0\u00bb text_color=\u00a0\u00bbdark\u00a0\u00bb text_align=\u00a0\u00bbleft\u00a0\u00bb overlay_strength=\u00a0\u00bb0.3&Prime; shape_divider_position=\u00a0\u00bbbottom\u00a0\u00bb bg_image_animation=\u00a0\u00bbnone\u00a0\u00bb][vc_column column_padding=\u00a0\u00bbno-extra-padding\u00a0\u00bb column_padding_position=\u00a0\u00bball\u00a0\u00bb background_color_opacity=\u00a0\u00bb1&Prime; background_hover_color_opacity=\u00a0\u00bb1&Prime; column_link_target=\u00a0\u00bb_self\u00a0\u00bb column_shadow=\u00a0\u00bbnone\u00a0\u00bb column_border_radius=\u00a0\u00bbnone\u00a0\u00bb width=\u00a0\u00bb2\/3&Prime; tablet_width_inherit=\u00a0\u00bbdefault\u00a0\u00bb tablet_text_alignment=\u00a0\u00bbdefault\u00a0\u00bb phone_text_alignment=\u00a0\u00bbdefault\u00a0\u00bb column_border_width=\u00a0\u00bbnone\u00a0\u00bb column_border_style=\u00a0\u00bbsolid\u00a0\u00bb bg_image_animation=\u00a0\u00bbnone\u00a0\u00bb][vc_column_text] Les Amis&#8230;<\/p>\n","protected":false},"author":7,"featured_media":0,"parent":5989,"menu_order":0,"comment_status":"closed","ping_status":"closed","template":"","meta":{"footnotes":""},"_links":{"self":[{"href":"https:\/\/www.ihrda.org\/fr\/wp-json\/wp\/v2\/pages\/747"}],"collection":[{"href":"https:\/\/www.ihrda.org\/fr\/wp-json\/wp\/v2\/pages"}],"about":[{"href":"https:\/\/www.ihrda.org\/fr\/wp-json\/wp\/v2\/types\/page"}],"author":[{"embeddable":true,"href":"https:\/\/www.ihrda.org\/fr\/wp-json\/wp\/v2\/users\/7"}],"replies":[{"embeddable":true,"href":"https:\/\/www.ihrda.org\/fr\/wp-json\/wp\/v2\/comments?post=747"}],"version-history":[{"count":2,"href":"https:\/\/www.ihrda.org\/fr\/wp-json\/wp\/v2\/pages\/747\/revisions"}],"predecessor-version":[{"id":9608,"href":"https:\/\/www.ihrda.org\/fr\/wp-json\/wp\/v2\/pages\/747\/revisions\/9608"}],"up":[{"embeddable":true,"href":"https:\/\/www.ihrda.org\/fr\/wp-json\/wp\/v2\/pages\/5989"}],"wp:attachment":[{"href":"https:\/\/www.ihrda.org\/fr\/wp-json\/wp\/v2\/media?parent=747"}],"curies":[{"name":"wp","href":"https:\/\/api.w.org\/{rel}","templated":true}]}}