{"id":743,"date":"2010-10-29T09:12:38","date_gmt":"2010-10-29T09:12:38","guid":{"rendered":"http:\/\/ihrda.huritech.org\/"},"modified":"2011-07-08T16:23:28","modified_gmt":"2011-07-08T16:23:28","slug":"stages","status":"publish","type":"page","link":"https:\/\/www.ihrda.org\/fr\/bourses-de-stage\/stages\/","title":{"rendered":"Stages"},"content":{"rendered":"<p style=\"text-align: justify;\">Le programme de stage vise \u00e0 contribuer \u00e0 la formation des jeunes professionnels dans les domaines des droits humains en g\u00e9n\u00e9rale et particuli\u00e8rement ceux ressortissants du continent africain. Les opportunit\u00e9s de stage sont offertes la plupart du temps aux \u00e9tudiants en droit, sciences politiques ou sciences sociales d\u00e9sirant renforcer leur exp\u00e9rience dans le domaine des droits de l\u2019homme. Des positions de\u00a0stage sont aussi disponibles dans les domaines de l\u2019information technologique et de l\u2019administration. La dur\u00e9e des stages est d\u2019une p\u00e9riode allant de trois mois \u00e0 une ann\u00e9e.<\/p>\n<p style=\"text-align: justify;\"><strong><span style=\"color: #99cc00;\">Nature du travail<\/span><br \/>\n<\/strong>Le candidat retenu pour le stage ou l\u2019organisation qui le sponsorise aura \u00e0 discuter avec l\u2019IHRDA du travail que stagiaire accomplira et des objectifs \u00e0 atteindre avant le commencent du stage. Le stagiaire sera sous la supervision du personnel de l\u2019IHRDA travaillant sur le Project ou le domaine pr\u00e9sentant d\u2019int\u00e9r\u00eat pour le stagiaire.<\/p>\n<p style=\"text-align: justify;\"><strong><span style=\"color: #99cc00;\">Financement<\/span><\/strong><br \/>\nLes stagiaires sont \u00a0cens\u00e9s prendre en charge le d\u00e9placement li\u00e9 \u00e0 leur stage et se prendre en charge en Gambie. Dans des circonstances exceptionnelles, l\u2019IHRDA proc\u00e9dera au versement d\u2019une modeste allocation en fonction de la disponibilit\u00e9 des ressources financi\u00e8res.<\/p>\n<p style=\"text-align: justify;\"><strong><span style=\"color: #99cc00;\">Volontaires<\/span><\/strong><\/p>\n<p style=\"text-align: justify;\">L\u2019IHRDA accueille aussi des volontaires. Ceux-ci sont des personnes qualifi\u00e9es poss\u00e9dant de l\u2019exp\u00e9rience et qui viennent contribuer \u00e0 la mise en \u0153uvre des programmes de l\u2019IHRDA. Les volontaires peuvent postuler \u00e0 un poste vacant annonc\u00e9 par l\u2019IHRDA.<\/p>\n<p style=\"text-align: justify;\"><strong><span style=\"color: #99cc00;\">Comment postuler<\/span><\/strong><\/p>\n<p style=\"text-align: justify;\">Les candidats doivent remplir le formulaire de demande de stage et envoyer par mail leur curriculum vitae, six mois avant la date \u00e0 la quelle ils entendent commencer le stage. Les demandes incompl\u00e8tes ne seront pas consid\u00e9r\u00e9es. Les candidats s\u00e9lectionn\u00e9s seront notifi\u00e9s durant le mois qui suit la r\u00e9ception des demandes.<\/p>\n<p style=\"text-align: justify;\"><a href=\"https:\/\/www.ihrda.org\/wp-content\/uploads\/2011\/07\/IHRDA-fomulaire-de-demande-de-stage-ancienne.docx\" target=\"_blank\">Formulaire de demande de stage\/bourses de stage<\/a><\/p>\n<p style=\"text-align: justify;\"><a href=\"https:\/\/www.ihrda.org\/wp-content\/uploads\/2011\/07\/IHRDA-politique-de-program-de-stages-2011.pdf\" target=\"_blank\">Politique de stage\/bourses de stage<\/a><\/p>\n","protected":false},"excerpt":{"rendered":"<p>Le programme de stage vise \u00e0 contribuer \u00e0 la formation des jeunes professionnels dans les domaines des droits humains en g\u00e9n\u00e9rale et particuli\u00e8rement ceux ressortissants&#8230;<\/p>\n","protected":false},"author":7,"featured_media":0,"parent":756,"menu_order":0,"comment_status":"closed","ping_status":"closed","template":"","meta":{"footnotes":""},"_links":{"self":[{"href":"https:\/\/www.ihrda.org\/fr\/wp-json\/wp\/v2\/pages\/743"}],"collection":[{"href":"https:\/\/www.ihrda.org\/fr\/wp-json\/wp\/v2\/pages"}],"about":[{"href":"https:\/\/www.ihrda.org\/fr\/wp-json\/wp\/v2\/types\/page"}],"author":[{"embeddable":true,"href":"https:\/\/www.ihrda.org\/fr\/wp-json\/wp\/v2\/users\/7"}],"replies":[{"embeddable":true,"href":"https:\/\/www.ihrda.org\/fr\/wp-json\/wp\/v2\/comments?post=743"}],"version-history":[{"count":0,"href":"https:\/\/www.ihrda.org\/fr\/wp-json\/wp\/v2\/pages\/743\/revisions"}],"up":[{"embeddable":true,"href":"https:\/\/www.ihrda.org\/fr\/wp-json\/wp\/v2\/pages\/756"}],"wp:attachment":[{"href":"https:\/\/www.ihrda.org\/fr\/wp-json\/wp\/v2\/media?parent=743"}],"curies":[{"name":"wp","href":"https:\/\/api.w.org\/{rel}","templated":true}]}}