{"id":4739,"date":"2014-02-07T12:43:29","date_gmt":"2014-02-07T12:43:29","guid":{"rendered":"http:\/\/www.ihrda.org\/?page_id=4739"},"modified":"2014-02-12T17:27:54","modified_gmt":"2014-02-12T17:27:54","slug":"ihrda-et-le-systeme-africain-des-droits-humains","status":"publish","type":"page","link":"https:\/\/www.ihrda.org\/fr\/ihrda-et-le-systeme-africain-des-droits-humains\/","title":{"rendered":"IHRDA et le syst\u00e9me africain des droits humains"},"content":{"rendered":"<p>La vision de l\u2019IHRDA est un continent africain o\u00f9 tous ont acc\u00e8s \u00e0 la justice, par l\u2019utilisation de lois et m\u00e9canismes nationaux, africains et internationaux relatifs aux droits humanins.<\/p>\n<p>Le d\u00e9fi le plus important \u00e0 l\u2019efficacit\u00e9 du syst\u00e8me africain des droits de l\u2019Homme est le manque g\u00e9n\u00e9ralis\u00e9 de connaissance et de compr\u00e9hension du m\u00e9canisme africain des droits humains. L\u2019IHRDA essaie donc de rapprocher les citoyens africains de ce syst\u00e8me, par la promotion, la vulgarisation du syst\u00e8me pour en faciliter son acc\u00e8s.<\/p>\n<p>L\u2019IHRDA s\u2019est engag\u00e9 \u00e0 \u00a0promouvoir le respect des droits humains \u00a0sur le \u00a0continent en renfor\u00e7ant les institutions africaines des droits de l\u2019Homme en assurant le respect par les \u00c9tats des normes existantes, et en rendant le syst\u00e8me africain accessible aux victimes de violations de droits humains ainsi qu\u2019aux membres de la soci\u00e9t\u00e9 civile.<\/p>\n<p>L\u2019IHRDA croit fermement que les droits de l\u2019Homme \u00a0\u00a0sont\u00a0 des \u00a0outils importants \u00a0de promotion de la justice et de l\u2019Etat de droit, pour autant que la soci\u00e9t\u00e9 civile ait l\u2019information et les connaissances n\u00e9cessaires pour les\u00a0 employer ad\u00e9quatement.<\/p>\n<p>\u00c0 l\u2019aide de programmes vari\u00e9s, l\u2019IHRDA utilise son expertise particuli\u00e8re en mati\u00e8re d\u2019application des u droits humains \u00a0afin de\u00a0:<\/p>\n<ul>\n<li>Former les ONGs et les activistes sur la pr\u00e9paration et la pr\u00e9sentation de litiges au nom des victimes de violations de droits devant les instances africaines de droit de l\u2019Homme;<\/li>\n<li>Offrir une repr\u00e9sentation <i>pro bono\u00a0 aux <\/i>\u00a0individus et aux ONGs souhaitant porter plainte contre un \u00c9tat devant les instances africaines des droits de l\u2019Homme.;<\/li>\n<li>Effectuer de la recherche sur les nouvelles questions en mati\u00e8re de droits de l\u2019Homme \u00a0en Afrique, pour des\u00a0 publication et \u00a0pour la diffusion des informations;<\/li>\n<li>Collaborer avec d\u2019autres ONGs et les instances africaines des droits \u00a0humains \u00a0pour la \u00a0promotion et la protection des droits \u00a0humains \u00a0en Afrique;<\/li>\n<li>Militer pour la r\u00e9forme des \u00a0droits de l\u2019Homme \u00a0au niveau \u00a0national et continental en Afrique.<\/li>\n<\/ul>\n<p>&nbsp;<\/p>\n","protected":false},"excerpt":{"rendered":"<p>La vision de l\u2019IHRDA est un continent africain o\u00f9 tous ont acc\u00e8s \u00e0 la justice, par l\u2019utilisation de lois et m\u00e9canismes nationaux, africains et internationaux&#8230;<\/p>\n","protected":false},"author":7,"featured_media":0,"parent":0,"menu_order":0,"comment_status":"closed","ping_status":"closed","template":"","meta":{"footnotes":""},"_links":{"self":[{"href":"https:\/\/www.ihrda.org\/fr\/wp-json\/wp\/v2\/pages\/4739"}],"collection":[{"href":"https:\/\/www.ihrda.org\/fr\/wp-json\/wp\/v2\/pages"}],"about":[{"href":"https:\/\/www.ihrda.org\/fr\/wp-json\/wp\/v2\/types\/page"}],"author":[{"embeddable":true,"href":"https:\/\/www.ihrda.org\/fr\/wp-json\/wp\/v2\/users\/7"}],"replies":[{"embeddable":true,"href":"https:\/\/www.ihrda.org\/fr\/wp-json\/wp\/v2\/comments?post=4739"}],"version-history":[{"count":0,"href":"https:\/\/www.ihrda.org\/fr\/wp-json\/wp\/v2\/pages\/4739\/revisions"}],"wp:attachment":[{"href":"https:\/\/www.ihrda.org\/fr\/wp-json\/wp\/v2\/media?parent=4739"}],"curies":[{"name":"wp","href":"https:\/\/api.w.org\/{rel}","templated":true}]}}