{"id":4719,"date":"2014-02-07T11:55:24","date_gmt":"2014-02-07T11:55:24","guid":{"rendered":"http:\/\/www.ihrda.org\/?page_id=4719"},"modified":"2014-02-20T14:27:14","modified_gmt":"2014-02-20T14:27:14","slug":"travail-juridique-d-ihrda","status":"publish","type":"page","link":"https:\/\/www.ihrda.org\/fr\/travail-juridique-d-ihrda\/","title":{"rendered":"Travail juridique d&rsquo; IHRDA"},"content":{"rendered":"<p>La t\u00e2che principale de l\u2019IHRDA est de servir en tant que conseiller juridique pour les victimes de violations de leurs droits tels qu\u2019ils sont consacr\u00e9s dans les instruments des droits de l&rsquo;homme en Afrique. Nous repr\u00e9sentons les victimes de violations des droits de l&rsquo;homme dans les affaires devant les tribunaux nationaux et les tribunaux des droits humains r\u00e9gionaux s africains. Dans plus de 30 cas, les b\u00e9n\u00e9ficiaires de notre gamme de conseiller d&rsquo;individu \u00e0 de petits groupes, \u00e0 des poursuites en recours collectif.<\/p>\n<p>IHRDA choisit les cas strat\u00e9giques dont \u00a0<i>L\u2019ampleur de l\u2019impact sont d\u00e9terminants<\/i>: \u00a0IHRDA choisit ses cas en fonction de l\u2019\u00e9tendue des r\u00e9percussions\u00a0; des cas qui mettent \u00e0 l\u2019\u00e9preuve des lois, des pratiques largement r\u00e9pandues\u00a0 ou qui peuvent potentiellement b\u00e9n\u00e9ficier \u00e0 des victimes de violations similaires.<\/p>\n<p><i>Le r\u00f4le du droit international<\/i>: IHRDA donne des conseils sur des cas qui au niveau national d\u00e9pendent ou s\u2019inspirent\u00a0 du \u00a0droit international et peuvent \u00eatre engag\u00e9s devant \u00a0des juridictions s\u00e9lectionn\u00e9es;<\/p>\n<p><i>Le d\u00e9veloppement en cas de \u00a0nouvelles normes<\/i>: Beaucoup droits de l&rsquo;homme n\u00e9cessitent toujours des contentieux\u00a0\u00a0 pour \u00a0clarifier des \u00a0normes en mati\u00e8re d&rsquo;interpr\u00e9tation et d&rsquo;application.<\/p>\n<p>En instituant des cas au nom des victimes de violations des droits de l&rsquo;homme, nous visons une meilleure application des instruments africains des droits humains pour apporter des r\u00e9parartions \u00a0efficaces \u00e0 ces victimes.<\/p>\n<p>Nous mettons \u00a0l&rsquo;accent sur les r\u00e9fugi\u00e9s et les droits des minorit\u00e9s, les droits des enfants et les droits socio-\u00e9conomiques. Mais nous continuons de \u00a0plaider sur diverses questions fondamentales \u00a0telles que le droit \u00e0 un proc\u00e8s \u00e9quitable, la libert\u00e9 d&rsquo;expression et\u00a0 la discrimination.<\/p>\n[wpgmza id=\u00a0\u00bb3&Prime;]\n","protected":false},"excerpt":{"rendered":"<p>La t\u00e2che principale de l\u2019IHRDA est de servir en tant que conseiller juridique pour les victimes de violations de leurs droits tels qu\u2019ils sont consacr\u00e9s&#8230;<\/p>\n","protected":false},"author":7,"featured_media":0,"parent":0,"menu_order":0,"comment_status":"closed","ping_status":"closed","template":"","meta":{"footnotes":""},"_links":{"self":[{"href":"https:\/\/www.ihrda.org\/fr\/wp-json\/wp\/v2\/pages\/4719"}],"collection":[{"href":"https:\/\/www.ihrda.org\/fr\/wp-json\/wp\/v2\/pages"}],"about":[{"href":"https:\/\/www.ihrda.org\/fr\/wp-json\/wp\/v2\/types\/page"}],"author":[{"embeddable":true,"href":"https:\/\/www.ihrda.org\/fr\/wp-json\/wp\/v2\/users\/7"}],"replies":[{"embeddable":true,"href":"https:\/\/www.ihrda.org\/fr\/wp-json\/wp\/v2\/comments?post=4719"}],"version-history":[{"count":0,"href":"https:\/\/www.ihrda.org\/fr\/wp-json\/wp\/v2\/pages\/4719\/revisions"}],"wp:attachment":[{"href":"https:\/\/www.ihrda.org\/fr\/wp-json\/wp\/v2\/media?parent=4719"}],"curies":[{"name":"wp","href":"https:\/\/api.w.org\/{rel}","templated":true}]}}