{"id":4711,"date":"2014-02-07T10:58:16","date_gmt":"2014-02-07T10:58:16","guid":{"rendered":"http:\/\/www.ihrda.org\/?page_id=4711"},"modified":"2015-11-19T16:05:25","modified_gmt":"2015-11-19T16:05:25","slug":"membres-du-conseil-dadministration","status":"publish","type":"page","link":"https:\/\/www.ihrda.org\/fr\/membres-du-conseil-dadministration\/","title":{"rendered":"Membres du Conseil d&rsquo;Administration"},"content":{"rendered":"<p>Le Conseil d\u2019administration a pour mission de d\u00e9velopper les r\u00e8gles devant r\u00e9gir le travail de l\u2019IHRDA et de veiller \u00e0 la bonne administration de l\u2019organisation. Les membres du Conseil d\u2019administration sont nomm\u00e9s en fonction de leur expertise et exp\u00e9rience dans le domaine du droit international de l\u2019homme ainsi que de leur int\u00e9r\u00eat pour les questions de droits humains et de d\u00e9veloppement en Afrique.<\/p>\n<p><strong>Janet Ramatoulie Sallah-Njie<\/strong> &#8211; <strong>Pr\u00e9sidente (Gambie)<\/strong><\/p>\n<p>Mme Sallah-Njie est une praticienne du Droit \u00a0tr\u00e8s respect\u00e9e. Elle\u00a0 dirige son propre cabinet d\u2019avocat\u00a0; Torodo Chambers. La Pr\u00e9sident fondatrice de <em>Female Lawyers Association of The Gambia<\/em> (l&rsquo;Association Femme avocates de la Gambie &#8211; FLAG), Mme Sallah-Njie a investi plus de deux d\u00e9cennies dans l&rsquo;administration de pratique juridique et \u00e0 but non lucratif de plaidoyer pour les droits des femmes. Elle a si\u00e9g\u00e9 aux Conseils de <em>Action Aid International Gambia<\/em> (Action Aid International de la Gambie), et fournit des conseils juridiques sur une base volontaire \u00e0 <em>West Africa Public Interest Litigation Centre<\/em> (Centre de litige d&rsquo;int\u00e9r\u00eat public en Afrique de l&rsquo;Ouest &#8211; WAPILC), <em>Girl Guides Association of The Gambia<\/em> (Association des guides des filles de la Gambie), FAWEGAM, <em>The Francis Degaulle Njie Foundation<\/em> (la Fondation Francis Degaulle Njie) en Gambie. Elle vient avec une passion et une longue exp\u00e9rience en mati\u00e8re de plaidoyer pour les droits de l\u2019homme. Une ancienne Vice-pr\u00e9sidente du Barreau de la Gambie et du Adjointe du Procureur g\u00e9n\u00e9ral de la Gambie, Mme Sallah-Njie prend la rel\u00e8ve de Mme Amie Bensouda, qui a \u00a0dirig\u00e9 le Conseil de l\u2019IHRDA depuis 2005.<\/p>\n<p><strong>Katherine Mulhern (Royaume-Uni)<br \/>\n<\/strong><\/p>\n<p>Avocate, Mme Mulhern est une partenaire dans le Cabinet Kaye Scholer, division d&rsquo;entreprise. Elle est une avocate qualifi\u00e9e dans les march\u00e9s de capitaux \u00e0 New York et au Royaume-Uni en se concentrant sur les march\u00e9s internationaux d&rsquo;actions et les march\u00e9s des capitaux d&#8217;emprunt. Mme Mulhern poss\u00e8de un large \u00e9ventail d&rsquo;exp\u00e9rience dans les questions se rapportant aux titres de participation primaires et secondaires et elle a travaill\u00e9 \u00e0 la fois au Royaume-Uni et \u00e0 au niveau international. Mme Mulhern a travaill\u00e9 sur une s\u00e9rie d\u2019affaires de haut-profil li\u00e9es \u00e0 l\u2019assurance au cours des derni\u00e8res ann\u00e9es. Avant de se joindre \u00e0 Kaye Scholer, Mme Mulhern \u00e9tait \u00e0 la t\u00eate du litige des march\u00e9s des capitaux des \u00c9tats-Unis \u00e0 Hogan Lovells.<\/p>\n<p><strong>Abake Williams <\/strong><strong>(Gambie)<\/strong><\/p>\n<p>Madame Abake Williams est une comptable de renomm\u00e9e, d\u00e9tentrice d\u2019une License en comptabilit\u00e9 commerciale (avec distinctions) de l\u2019universit\u00e9 de Lincolnshire et Humberside. Ses aptitudes et sa motivations l\u2019ont men\u00e9 \u00e0 diriger l\u2019\u00e9quipe de comptabilit\u00e9 pour Deloitte et Touch\u00e9 entre 1998 et 1999. Par la suite, elle exer\u00e7a en tant qu\u2019analyste financi\u00e8re au West African Regional Lubricant de 2004 \u00e0 2006, puis elle occupa le poste de directrice des op\u00e9rations de d\u00e9penses pour <em>Shell Marketing Gambia Limited <\/em>de 2006 \u00e0 2008, avant de devenir chef des op\u00e9rations financi\u00e8res pour <em>Prime Bank Gambia Limited, <\/em>de 2009 \u00e0 2011. Elle est \u00e9galement affili\u00e9e \u00e0 la Gambia Association of Chartered Certified Accountants, membre du Gambia Association of Accountants, et si\u00e8ge au conseil d\u2019administration du Public Health Research and Development Center. Mme Abake Williams est d\u00e9vou\u00e9e\u00a0\u00e0 sa famille, dou\u00e9e en cuisine et surtout, passionn\u00e9e pour son m\u00e9tier.<\/p>\n<p><strong>Martin Semalulu Nsibirwa<\/strong> <strong>(Afrique du Sud)<\/strong><\/p>\n<p>Mr. Nsibirwa est le directeur de programme du programme de Maitrise en droits de l\u2019Homme et D\u00e9mocratisation en Afrique du Centre pour les Droits de l\u2019Homme de l\u2019Universit\u00e9 de Pretoria. Il fait \u00e9galement parti du comit\u00e9 \u00e9ditorial de la Revue Africaine de des Droits de l\u2019Homme (African Human Rights Law Journal) et du comit\u00e9 du programme de maitrise de la Facult\u00e9 de droit de Pretoria.<\/p>\n<p>Avocat en droits de l\u2019homme accompli, Mr. Nsibirwa poss\u00e8de une grande expertise sur le syst\u00e8me africain en la mati\u00e8re. Il enseigne p\u00e9riodiquement le sujet, et a publi\u00e9 plusieurs articles sur le droit des femmes ainsi que d\u2019autres probl\u00e9matiques li\u00e9es au gendre.<\/p>\n<p>Son exp\u00e9rience s\u2019\u00e9tend aussi \u00e0 la direction de projets et \u00e0 leur impl\u00e9mentation. Ce faisant, Mr. Nsibirwa a acquis une grande capacit\u00e9 \u00e0 cr\u00e9er des partenariats entre les institutions et ONGs africaines.<\/p>\n<p><strong>Hassan Jallow B (Gambie)<\/strong><\/p>\n<p>En 1982, M. Jallow a \u00e9t\u00e9 nomm\u00e9 solliciteur g\u00e9n\u00e9ral de la Gambie. De 1984 \u00e0 1994, il a \u00e9tait Procureur G\u00e9n\u00e9ral et Ministre de la Justice de la Gambie. En 1998, il a \u00e9t\u00e9 nomm\u00e9 juge de la Cour Supr\u00eame de la Gambie. Toujours en 1998, il a \u00e9t\u00e9 nomm\u00e9 expert juridique internationale des Nations Unies. En 2002, il a \u00e9t\u00e9 nomm\u00e9 juge de la Chambre de la Cour d&rsquo;Appel Sp\u00e9ciale de Sierra Leone. Depuis 2003, il est le Procureur du Tribunal P\u00e9nal International pour le Rwanda.<\/p>\n<p><strong>Professeur Rachel Murray (Royaume-Uni)<\/strong><\/p>\n<p>Rachel Murray est professeur de Droit International des Droits de l&rsquo;Homme \u00e0 l&rsquo;Universit\u00e9 de Bristol. Ses domaines de sp\u00e9cialisation sont des droits humains en Afrique, notamment la Charte Africaine, la Commission des Droits de l&rsquo;Homme et des Peuples, ainsi que l&rsquo;Organisation de l&rsquo;Unit\u00e9 Africaine \/ Union Africaine. Elle a beaucoup \u00e9crit dans ce domaine, y compris les livres avec Hart Publishing et Cambridge University Press (Droits de l&rsquo;Homme en Afrique\u00a0: de l&rsquo;Organisation de l&rsquo;Unit\u00e9 Africaine \u00e0 l&rsquo;Union Africaine, Cambridge, 2004; La Charte Africaine des Droits de l&rsquo;Homme et des Peuples\u00a0; Le Syst\u00e8me de Travail, avec Malcolm Evans, Cambridge, 2008; La Commission Africaine des Droits de l\u2019Homme et des Peuples vis-\u00e0-vis le Droit International, Hart Publishing, 2000), et des articles dans des revues juridiques des droits humains. Elle conseille \u00e9galement les organisations et les individus sur la fa\u00e7on d&rsquo;utiliser le syst\u00e8me africain des droits de l&rsquo;homme, y compris la r\u00e9daction des affaires judiciaires et la participation aux r\u00e9unions. Rachel est membre du comit\u00e9 \u00e9ditorial de plusieurs revues dont le Journal de Droit Africaine et le Journal Africain de Droit International et de Droit Compar\u00e9. Elle est aussi int\u00e9ress\u00e9e aux institutions nationales des droits de l&rsquo;homme dont elle a une publication sur &lt;&lt;Le r\u00f4le des institutions nationales des droits humains \u00e0 l&rsquo;\u00e9chelle r\u00e9gionale et internationale&gt;&gt;, Hart Publishing, 2007. Elle d\u00e9tient et dirige deux subventions majeures avec l\u2019AHRC. La premi\u00e8re consiste \u00e0 \u00e9valuer le r\u00f4le des m\u00e9canismes nationaux de pr\u00e9vention en vertu du Protocole facultatif \u00e0 la Convention des Nations Unies contre la torture. La deuxi\u00e8me examine la mise en \u0153uvre des normes relatives aux droits humains et le r\u00f4le de la soft law.<\/p>\n<p>Rachel est membre du conseil d&rsquo;administration de l&rsquo;organisation des droits humains, Interights, membre du Centre des Droits de l\u2019Homme de l&rsquo;Universit\u00e9 d&rsquo;Essex et membre du Peer Review College de l\u2019AHRC.<\/p>\n<p>Elle a \u00e9tudi\u00e9 le droit \u00e0 l&rsquo;Universit\u00e9 de Leicester et a travaill\u00e9 \u00e0 l&rsquo;Universit\u00e9 de la Reine, Belfast, o\u00f9 elle a \u00e9galement \u00e9t\u00e9 directrice adjointe du Centre des droits de l&rsquo;homme, et au Birkbeck College de l&rsquo;Universit\u00e9 de Londres. Elle a \u00e9t\u00e9 octroy\u00e9e le titre d\u2019enseignante \u00e0 Bristol en 2003, professeur associ\u00e9e en 2004, et professeur en 2006.<\/p>\n<p><em>\u00a0<\/em><strong>Hassan Shire (Somalie \/ Canada)<\/strong><\/p>\n<p>Hassan Shire Sheikh est un d\u00e9fenseur panafricain des droits de l\u2019homme et d\u2019origine canadiene et somalienne. Il\u00a0a \u00e9t\u00e9 oblig\u00e9 de fuir son pays natal, la Somalie. En 2005, M. Shire Sheikh a fond\u00e9 le projet des d\u00e9fenseurs des droits de de l\u2019homme de l&rsquo;est et la corne de l&rsquo;Afrique. En 2005, il a \u00e9t\u00e9 \u00e9lu pr\u00e9sident du r\u00e9seau des d\u00e9fenseurs des droits de de l\u2019homme de l&rsquo;est et la corne de l&rsquo;Afrique (EHAHRDN) et est actuellement \u00e0 son deuxi\u00e8me mandat (2011-2016). Pour un certain nombre d&rsquo;ann\u00e9es, Hassan a \u00e9t\u00e9 le coordinateur du Projet des D\u00e9fenseurs des Droits de l&rsquo;Homme d&rsquo;Afrique au Centre pour les \u00e9tudes sur les r\u00e9fugi\u00e9s, Universit\u00e9 de York, Canada. Il s\u2019engage aussi activement avec la Commission Africaine des Droits de l\u2019Hommes et des Peuples, ainsi que le Conseil des Droits de l&rsquo;Homme et de la Communaut\u00e9 des D\u00e9mocraties de l\u2019ONU. En outre, il est membre actif du Mouvement Mondial pour la D\u00e9mocratie, et du Conseil Consultatif du Centre International pour le Droit \u00e0 but non-lucratif.<\/p>\n<p><strong>Santiago Canton (Am\u00e9rique latine)<\/strong><\/p>\n<p>Santiago Canton est actuellement directeur du RFK Partenaires pour les Droits de l\u2019Homme au F. Kennedy Robert Centre de la Justice et Droit de l\u2019Homme. Avant de rejoindre le Centre RFK, M. Canton \u00e9tait le Secr\u00e9taire ex\u00e9cutif de la Commission Interam\u00e9ricaine des Droits de l&rsquo;Homme pendant onze ans apr\u00e8s avoir \u00e9t\u00e9 le premier rapporteur sp\u00e9cial pour la libert\u00e9 d&rsquo;expression dans le syst\u00e8me interam\u00e9ricain. De 1994 \u00e0 1998, M. Canton \u00e9tait directeur pour l&rsquo;Am\u00e9rique latine et les Cara\u00efbes de l&rsquo;Institut D\u00e9mocratique National pour les Affaires Internationales (NDI). Il a \u00e9galement servi comme assistant politique du pr\u00e9sident Carter dans les programmes de d\u00e9veloppement de la d\u00e9mocratie dans les pays d&rsquo;Am\u00e9rique latine. En 2005, M. Canton a re\u00e7u le Grand Prix Chapultepec pour ses contributions \u00e0 la promotion, le d\u00e9veloppement, le renforcement et la d\u00e9fense des principes de la libert\u00e9 d&rsquo;expression dans toutes les Am\u00e9riques. M. Canton est titulaire d&rsquo;un dipl\u00f4me en droit de l&rsquo;Universit\u00e9 de Buenos Aires et d&rsquo;une ma\u00eetrise en droit international du Washington College of Law de l\u2019Universit\u00e9 Am\u00e9ricaine.<\/p>\n<p><strong>Dior Fall Sow (S\u00e9n\u00e9gal)<\/strong><\/p>\n<p>Dior Fall Sow est Magistrate et Chevalier et Officier de l\u2019Ordre national du M\u00e9rite du S\u00e9n\u00e9gal. Elle est titulaire d\u2019une Ma\u00eetrise en Droit et un Dipl\u00f4me d\u2019Etudes Sup\u00e9rieures en Sciences Criminelles (DESS) de l\u2019Universit\u00e9 de Poitiers (France).<\/p>\n<p>Elle fut Avocat G\u00e9n\u00e9ral Principal aupr\u00e8s de la Chambre d&rsquo;Appel du Tribunal P\u00e9nal International pour le Rwanda (2006-2010)\u00a0; Avocat G\u00e9n\u00e9ral au Bureau du Procureur du Tribunal P\u00e9nal International pour le Rwanda (2004-2006)\u00a0; Conseiller Juridique aupr\u00e8s du Tribunal P\u00e9nal International pour le Rwanda (2002-2003)\u00a0; Directrice Charg\u00e9e des Affaires Juridiques de la SONATEL (1989-2002)\u00a0; Directrice Nationale de l\u2019Education Surveill\u00e9e et de la Protection Sociale (Minist\u00e8re de la Justice du S\u00e9n\u00e9gal &#8211; 1984-1989)\u00a0; Procureur de la R\u00e9publique aupr\u00e8s du Tribunal de 1<sup>\u00c8RE<\/sup> Instance de Saint-Louis (1976-1976-1984)\u00a0; et membre du CAEDBE.<\/p>\n<p>Dior Fall Sow est une consultante internationale pour la CEA, l&rsquo;UNIFEM, ONU Femmes et l&rsquo;UNICEF, et a intervenu \u00e0 des s\u00e9minaires, ateliers et conf\u00e9rences dans plusieurs pays \u00e0 travers le monde sur divers domaines des droits de l&rsquo;homme, tels que les droits des femmes et des enfants, ainsi que la pr\u00e9vention des crimes, le traitement des d\u00e9linquants et le droit international humanitaire.<\/p>\n<p>Elle a fait des recherches et publications sur un certain nombre de questions pertinentes en droits de l&rsquo;homme, notamment sur les cadres juridiques pour les droits des femmes et des enfants au S\u00e9n\u00e9gal, les crimes, le viol et la violence sexuelle pendant les conflits arm\u00e9s, ainsi que l&rsquo;int\u00e9gration des femmes dans les forces arm\u00e9es.<\/p>\n<p><strong>Dr. Oussedik Fawzi (Alg\u00e9rie)<\/strong><\/p>\n<p>Oussedik Fawzi est titulaire d&rsquo;un doctorat en droit de l&rsquo;Universit\u00e9 de Ohran, Alger (Alg\u00e9rie); un dipl\u00f4me en droits de l&rsquo;homme de l&rsquo;Institut sup\u00e9rieur international d&rsquo;\u00e9tudes p\u00e9nales \u00e0 Saragosse (Italie); un dipl\u00f4me d&rsquo;\u00e9tudes sup\u00e9rieures en droit public, en criminologie et en droit international de l&rsquo;Universit\u00e9 Ain Shams, Le Caire (Egypte); et une licence en droit de l&rsquo;Universit\u00e9 de l&rsquo;Alg\u00e9rie.<\/p>\n<p>Dr Fawzi est professeur agr\u00e9g\u00e9 \u00e0 la Facult\u00e9 de droit, Universit\u00e9 du Qatar, et co-coordonnateur de l\u2019Acad\u00e9mie programme militaire, l&rsquo;Universit\u00e9 du Qatar et Ahmad bin Muhammad Acad\u00e9mie militaire. Il est \u00e9galement le directeur des relations internationales et du droit international humanitaire pour le Croissant-Rouge du Qatar.<\/p>\n<p>Dr Fawzi fut membre du Comit\u00e9 consultatif arabe pour la d\u00e9fense des journalistes, Doha (Qatar) de 2002 \u00e0 2005; pendant cette m\u00eame p\u00e9riode, il \u00e9tait chef d\u2019Unit\u00e9 de l&rsquo;orientalisme et d&rsquo;\u00e9tudes strat\u00e9giques au Centre d&rsquo;\u00e9tudes du Golfe, l&rsquo;Universit\u00e9 du Qatar. Il a \u00e9t\u00e9 professeur agr\u00e9g\u00e9 \u00e0 l&rsquo;Acad\u00e9mie militaire de \u00ab\u00a0Ahmad Bin Mohammad\u00a0\u00bb de 2002 \u00e0 2003, et en m\u00eame temps expert et conseiller aupr\u00e8s du Comit\u00e9 de r\u00e9daction de la Constitution du Qatar. En 2001, il \u00e9tait membre du comit\u00e9 de d\u00e9veloppement du syst\u00e8me universitaire de l&rsquo;Universit\u00e9 du Qatar. Dr Fawzi a servi comme professeur invit\u00e9 \u00e0 l&rsquo;Acad\u00e9mie Prince Nayef des sciences de s\u00e9curit\u00e9 en 1997. Entre 1996 et 2000, il \u00e9tait membre de l&rsquo;Association africaine pour le droit international et le droit compar\u00e9 \u00e0 Londres; de m\u00eame, entre 1997 et 2002, il \u00e9tait membre du Conseil acad\u00e9mique de l&rsquo;UNESCO pour l&rsquo;\u00e9ducation et la recherche en droits de l&rsquo;homme, la d\u00e9mocratie et la paix; et doyen de la Facult\u00e9 de droit, Blida (Alg\u00e9rie) de 2000 \u00e0 2002. Dr Fawzi a occup\u00e9 le poste de Juriste pour le Croissant-Rouge alg\u00e9rien entre 1997 et 1999, et a \u00e9t\u00e9 vice-doyen de la Facult\u00e9 des \u00e9tudes islamiques, Alger (Alg\u00e9rie) de 1996 \u00e0 1999.<\/p>\n<p>Il a publi\u00e9 des livres sur le droit et d&rsquo;autres domaines pertinents, et a assist\u00e9 \u00e0 de nombreuses formations en droits de l\u2019homme dans divers pays.<\/p>\n<p>&nbsp;<\/p>\n<p>&nbsp;<\/p>\n","protected":false},"excerpt":{"rendered":"<p>Le Conseil d\u2019administration a pour mission de d\u00e9velopper les r\u00e8gles devant r\u00e9gir le travail de l\u2019IHRDA et de veiller \u00e0 la bonne administration de l\u2019organisation&#8230;.<\/p>\n","protected":false},"author":7,"featured_media":0,"parent":0,"menu_order":0,"comment_status":"closed","ping_status":"closed","template":"","meta":{"footnotes":""},"_links":{"self":[{"href":"https:\/\/www.ihrda.org\/fr\/wp-json\/wp\/v2\/pages\/4711"}],"collection":[{"href":"https:\/\/www.ihrda.org\/fr\/wp-json\/wp\/v2\/pages"}],"about":[{"href":"https:\/\/www.ihrda.org\/fr\/wp-json\/wp\/v2\/types\/page"}],"author":[{"embeddable":true,"href":"https:\/\/www.ihrda.org\/fr\/wp-json\/wp\/v2\/users\/7"}],"replies":[{"embeddable":true,"href":"https:\/\/www.ihrda.org\/fr\/wp-json\/wp\/v2\/comments?post=4711"}],"version-history":[{"count":0,"href":"https:\/\/www.ihrda.org\/fr\/wp-json\/wp\/v2\/pages\/4711\/revisions"}],"wp:attachment":[{"href":"https:\/\/www.ihrda.org\/fr\/wp-json\/wp\/v2\/media?parent=4711"}],"curies":[{"name":"wp","href":"https:\/\/api.w.org\/{rel}","templated":true}]}}