{"id":4710,"date":"2014-02-07T10:36:39","date_gmt":"2014-02-07T10:36:39","guid":{"rendered":"http:\/\/www.ihrda.org\/?page_id=4710"},"modified":"2021-02-15T09:18:43","modified_gmt":"2021-02-15T09:18:43","slug":"qui-nous-sommes","status":"publish","type":"page","link":"https:\/\/www.ihrda.org\/fr\/about-us\/qui-nous-sommes\/","title":{"rendered":"Notre Travail"},"content":{"rendered":"<p>Notre action se r\u00e9sume en trois axes essentiels&nbsp;: <i>D\u00e9fendre, \u00c9duquer, Informer.<\/i><\/p>\n<p><b><i>D\u00e9fendre<\/i><\/b><\/p>\n<p>L\u2019IDHDA offre une assistance juridique b\u00e9n\u00e9vole aux victimes de violations des droits humains en Afrique. De notre propre initiative, nous entamons des proc\u00e9dures l\u00e9gales concernant les cas que nous estimons \u00eatre d\u2019une importance particuli\u00e8re et qui n\u2019auraient autrement pas \u00e9t\u00e9 port\u00e9s devant les instances appropri\u00e9es.<\/p>\n<p>Nous repr\u00e9sentons les victimes de violations des droits humains devant les tribunaux nationaux et les organisations r\u00e9gionales d\u2019Afrique telles que la Commission africaine des droits de l&rsquo;homme et des peuples ou la Cour Africaine des droits de l\u2019homme et des peuples.<\/p>\n<p>En constituant des dossiers au nom des victimes, nous visons \u00e0 am\u00e9liorer l\u2019application et l\u2019ex\u00e9cution des proc\u00e9dures africaines de protection des droits humains afin de soulager soutenir efficacement ces victimes.<\/p>\n<p>M\u00eame si nous concentrons notre action sur les droits des r\u00e9fugi\u00e9s et des minorit\u00e9s, les droits des enfants et les droits socio-\u00e9conomiques, nous repr\u00e9sentons \u00e9galement les victimes de violations d\u2019autres droits humains tels que le droit \u00e0 un proc\u00e8s \u00e9quitable, \u00e0 la libert\u00e9 d\u2019expression ou \u00e0 la non-discrimination. Si vous souhaitez en apprendre plus sur notre travail juridique, veuillez cliquer ici.<\/p>\n<p><b><i>\u00c9duquer<\/i><\/b><\/p>\n<p>Nous organisons des formations et d\u2019autres types d\u2019ateliers visant \u00e0 am\u00e9liorer la connaissance du syst\u00e8me africain des droits de l\u2019homme ainsi que d\u2019autres sujets relatifs aux droits humains. L\u2019IDHDA est intimement convaincu que tous les d\u00e9fenseurs des droits humains devraient avoir acc\u00e8s aux connaissances et aux comp\u00e9tences leur permettant de solliciter la protection du syst\u00e8me africain des droits de l\u2019homme et de lutter contre les violations de ces droits sur tout le continent.<\/p>\n<p>L\u2019IDHDA forme les d\u00e9fenseurs des droits humains \u00e0 utiliser les m\u00e9canismes africains de d\u00e9fense de ces droits, les provisions de la Charte africaine des droits de l&rsquo;homme et des peuples et de l\u2019African Charter on the Rights and Welfare of the Child (ACRWC, Charte africaine des droits et du bien-\u00eatre de l\u2019enfant), ainsi que les proc\u00e9dures de la Commission Africaine des Droits de l&rsquo;Homme et des Peuples et du Comit\u00e9 africain d&rsquo;experts sur les droits et le bien-\u00eatre de l&rsquo;enfant (CAEDBE).<\/p>\n<p>Nos ateliers consacr\u00e9s aux proc\u00e9dures propres \u00e0 chaque pays et destin\u00e9s aux divers acteurs de la soci\u00e9t\u00e9 civile visent \u00e0 pr\u00e9parer des dossiers de violation des droits humains qui seront ensuite poursuivis en justice au niveau national, r\u00e9gional et continental (la CmADHP, le CAEDBE et la Cour Africaine des droits de l\u2019homme et des peuples (CAfDHP) ). Si vous souhaitez en apprendre plus sur nos projets, veuillez cliquer ici.<\/p>\n<p><b><i>Informer<\/i><\/b><\/p>\n<p>L\u2019IDHDA publie et distribue des informations concernant le syst\u00e8me africain des droits de l\u2019homme.<\/p>\n<p>L\u2019acc\u00e8s limit\u00e9 \u00e0 ces informations est l\u2019un des obstacles majeurs \u00e0 une protection efficace des droits humains en Afrique. Nos publications, bas\u00e9es sur notre travail juridique, ont pour but d\u2019offrir les informations et les outils n\u00e9cessaires aux avocats et aux autres d\u00e9fenseurs des droits humains pour leur permettre d\u2019atteindre leurs objectifs en mati\u00e8re de protection de ces droits.<\/p>\n<p>Afin de mener au mieux sa mission d\u2019information, l\u2019IDHDA a \u00e9galement d\u00e9velopp\u00e9 un Analyseur de Jurisprudence (Case Law Analyzer, CLA) en partenariat avec Human Rights Information and Documentation Systems (HURIDOCS). Il s\u2019agit d\u2019une compilation multilingue et gratuite de toutes les d\u00e9cisions prises par les instances supranationales africaines en mati\u00e8re de droits humains.<\/p>\n<p>Son principal objectif est de promouvoir les droits humains en Afrique en comblant les lacunes concernant le syst\u00e8me africain des droits de l\u2019homme gr\u00e2ce \u00e0 une des sources d\u2019information extr\u00eamement intuitive et favorable \u00e0 la recherche. Cette base de donn\u00e9es offre un acc\u00e8s incomparable \u00e0 la jurisprudence africaine concernant les droits humains, avec une facilit\u00e9 de recherche exceptionnelle, en anglais, en fran\u00e7ais et en portugais. Si vous souhaitez en apprendre plus sur nos publications, veuillez cliquer ici.<\/p>\n<p>&nbsp;<\/p>\n","protected":false},"excerpt":{"rendered":"<p>Notre action se r\u00e9sume en trois axes essentiels&nbsp;: D\u00e9fendre, \u00c9duquer, Informer. D\u00e9fendre L\u2019IDHDA offre une assistance juridique b\u00e9n\u00e9vole aux victimes de violations des droits humains&#8230;<\/p>\n","protected":false},"author":7,"featured_media":0,"parent":5989,"menu_order":0,"comment_status":"closed","ping_status":"closed","template":"","meta":{"footnotes":""},"_links":{"self":[{"href":"https:\/\/www.ihrda.org\/fr\/wp-json\/wp\/v2\/pages\/4710"}],"collection":[{"href":"https:\/\/www.ihrda.org\/fr\/wp-json\/wp\/v2\/pages"}],"about":[{"href":"https:\/\/www.ihrda.org\/fr\/wp-json\/wp\/v2\/types\/page"}],"author":[{"embeddable":true,"href":"https:\/\/www.ihrda.org\/fr\/wp-json\/wp\/v2\/users\/7"}],"replies":[{"embeddable":true,"href":"https:\/\/www.ihrda.org\/fr\/wp-json\/wp\/v2\/comments?post=4710"}],"version-history":[{"count":1,"href":"https:\/\/www.ihrda.org\/fr\/wp-json\/wp\/v2\/pages\/4710\/revisions"}],"predecessor-version":[{"id":9644,"href":"https:\/\/www.ihrda.org\/fr\/wp-json\/wp\/v2\/pages\/4710\/revisions\/9644"}],"up":[{"embeddable":true,"href":"https:\/\/www.ihrda.org\/fr\/wp-json\/wp\/v2\/pages\/5989"}],"wp:attachment":[{"href":"https:\/\/www.ihrda.org\/fr\/wp-json\/wp\/v2\/media?parent=4710"}],"curies":[{"name":"wp","href":"https:\/\/api.w.org\/{rel}","templated":true}]}}