{"id":4708,"date":"2014-02-07T10:20:24","date_gmt":"2014-02-07T10:20:24","guid":{"rendered":"http:\/\/www.ihrda.org\/?page_id=4708"},"modified":"2016-05-03T16:36:53","modified_gmt":"2016-05-03T16:36:53","slug":"les-employes","status":"publish","type":"page","link":"https:\/\/www.ihrda.org\/fr\/about-us\/les-employes\/","title":{"rendered":"Les employ\u00e9s"},"content":{"rendered":"<p><strong>Gaye Sowe &#8211; Directeur ex\u00e9cutif (Gambie)<\/strong><\/p>\n<p>Pendent 10 ans \u00e0 IHRDA, Gaye a surmont\u00e9 ses responsabilit\u00e9s tour \u00e0 tour en tant que Juriste, Juriste Principal, et Directeur des Programmes, avant d\u2019\u00eatre nomm\u00e9 Directeur Ex\u00e9cutif.<\/p>\n<p>Dot\u00e9 de longues ann\u00e9es de service judiciaire et d\u2019une grande exp\u00e9rience en litige, le renforcement des capacit\u00e9s et de plaidoyer aux niveaux national et r\u00e9gional, Gaye est une r\u00e9f\u00e9rence en droit, notamment le droit commun, constitutionnel, p\u00e9nal et de la non-discrimination.<\/p>\n<p>Gaye a fait des formations et des pr\u00e9sentations sur diff\u00e9rents domaines du droit international des droits de l&rsquo;homme avec les autorit\u00e9s judiciaires et polici\u00e8res, ainsi que des avocats et d\u00e9fenseurs des droits de l\u2019homme en Afrique et au-del\u00e0. Il est membre du groupe de travail sur les DESC de la Commission africaine des droits de l&rsquo;homme et des peuples, et a apport\u00e9 des contributions importantes au d\u00e9veloppement de la jurisprudence de divers m\u00e9canismes africains de protection des droits de l\u2019homme.<\/p>\n<p>Gaye a \u00e9t\u00e9 admis aux barreaux du Nigeria et de la Gambie en Octobre et Novembre, respectivement, \u00e0 l\u2019an 2000. Il a travaill\u00e9 avec la magistrature gambienne comme magistrat principal et secr\u00e9taire par int\u00e9rim de la magistrature avant de rejoindre IHRDA. Gaye est professeur adjoint de droit p\u00e9nal \u00e0 l&rsquo;Universit\u00e9 de la Gambie, et de la proc\u00e9dure p\u00e9nale \u00e0 l\u2019\u00e9cole des droits de la Gambie. Il a fait sa formation professionnelle \u00e0 l\u2019Universit\u00e9 d\u2019Essex (au Royaume Uni) o\u00f9 il a obtenu la LLM en Droit international des droits de l\u2019homme. Il a d\u2019abord pass\u00e9 par l&rsquo;Universit\u00e9 Obafemi Awolowo, Ile-Ife (au Nigeria) o\u00f9 il a eu la licence en droit avec mention, et l\u2019\u00e9cole des droits du Nigeria pour devenir avocat.<\/p>\n<p>&nbsp;<\/p>\n<p><strong>Amie Njie &#8211; Chef des finances et de l&rsquo;administration (Gambie)<\/strong><br \/>\nAmie est titulaire d&rsquo;un Master en Comptabilit\u00e9 et Finance Internationale de Liverpool John Moores University au Royaume-Uni. Elle est une personne d\u00e9vou\u00e9e \u00e0 son travail et focalis\u00e9e sur les r\u00e9sultats, et dot\u00e9e d\u2019une riche exp\u00e9rience en mati\u00e8re de Comptabilit\u00e9 et Audit. Avant de se joindre \u00e0 l\u2019IHRDA en Janvier 2015, elle a travaill\u00e9 avec l&rsquo;Autorit\u00e9 de l&rsquo;aviation civile de la Gambie o\u00f9 elle a atteint le poste de directeur de l&rsquo;audit interne.<\/p>\n<p><strong>Eric Bizimana &#8211; Juriste francophone (Burundi)<\/strong><br \/>\nEric est titulaire d&rsquo;un dipl\u00f4me de Licence en droit de l&rsquo;Universit\u00e9 du Burundi et d&rsquo;un Master en droits de l&rsquo;homme et la d\u00e9mocratisation en Afrique de l&rsquo;Universit\u00e9 de Pretoria. Ancien professeur de droit, membre du Barreau du Burundais et collaborateur avec Avocats Sans Fronti\u00e8res, Eric apporte une exp\u00e9rience en contentieux, recherches juridiques et r\u00e9daction de documents juridiques. Avant de se joindre \u00e0 l\u2019IHRDA en F\u00e9vrier 2015, il \u00e9tait assistant juridique \u00e0 la Commission africaine des droits de l&rsquo;homme et des peuples.<\/p>\n<p><strong>Oludayo Fagbemi &#8211; Juriste anglophone (Nigeria)<\/strong><br \/>\nOludayo est titulaire d&rsquo;une License en droit de l&rsquo;Universit\u00e9 Obafemi Awolowo, Ile-Ife, au Nigeria et d&rsquo;un Master en droit public international de l&rsquo;University College de Londres. Il est membre du Barreau nig\u00e9rian.<\/p>\n<p>Oludayo a d\u00e9velopp\u00e9 sa comp\u00e9tence professionnelle en travaillant avec le Tribunal p\u00e9nal international de l&rsquo;ancien Yougoslavie (TPIY), la Cour p\u00e9nale internationale (CPI) et le Centre international pour la protection juridique des droits de l&rsquo;homme (INTERIGHTS). Il a \u00e9galement fait la pratique priv\u00e9e du droit au Nigeria dans les cabinets de Adesanya et Akisanya, et de RA Ogunwole SAN and Co. Avant de rejoindre l&rsquo;IHRDA en F\u00e9vrier 2015, il travaillait au minist\u00e8re de la Justice de Rivers State au Nigeria.<\/p>\n<p><strong>Djeugoue Brice Martia l- Chef des Publications et Communications (Cameroun)<\/strong><br \/>\nBrice d\u00e9tient une License en journalisme et communications de masse de l&rsquo;Universit\u00e9 de Buea au Cameroun. Il a travaill\u00e9 pendant 9 ans comme Chef de Programme et Communications au Centre d&rsquo;Appui \u00e0 la Justice et d&rsquo;Animation pour le D\u00e9veloppement (CAJAD, Cameroun), avant de rejoindre l\u2019IHRDA. Il a une vaste exp\u00e9rience en mati\u00e8re de communication et publication dans le contexte des droits de l&rsquo;homme et du d\u00e9veloppement.<\/p>\n<p><strong>Henry Annoh &#8211; Assistant Financier et Administratif (Ghana)<\/strong><br \/>\nHenry (souvent appel\u00e9 Henri, et qui all\u00e8ge l&rsquo;atmosph\u00e8re de bureau avec beaucoup d&rsquo;humour) est titulaire d&rsquo;un dipl\u00f4me en droit de l&rsquo;Institut d&rsquo;Assurance de l\u2019Afrique de l\u2019Ouest (Waii)\u00a0; il a aussi le Level One de l\u2019 Association of Chartered Certified Accountants (ACCA, Royaume-Uni), et un dipl\u00f4me en Etudes de Business de la Polytechnique d\u2019Accra (Ghana) et de l&rsquo;Institut des secr\u00e9taires et administrateurs agr\u00e9\u00e9s (ICSA), Royaume-Uni. Il a de nombreuses ann\u00e9es d&rsquo;exp\u00e9rience et a travaill\u00e9 pr\u00e9c\u00e9demment au Shyben A. Madi &amp; Sons, Concern Universal en Gambie, ainsi qu\u2019\u00e0 l&rsquo;Institut pour la Gouvernance D\u00e9mocratique (IDEG) \u00e0 Accra. Avant de se joindre l\u2019IHRDA, Henry \u00e9tait le directeur des finances du Programme agricole de la M\u00e9thodiste Mission (MMAP) et enseignait \u00e0 Foresight Training Institute et Jollof Tutors.<\/p>\n<p><strong>Modou Sowe \u2013 Secr\u00e9taire administratif et financier (Gambien)<\/strong><br \/>\nModou, le deuxi\u00e8me M. Sowe dans le bureau, nous a rejoints en tant que stagiaire en juillet 2009 et il est devenu personnel permanent en mai 2010. Modou g\u00e8re notre petite caisse et r\u00e8gle nos fournisseurs de services. Il donne un coup de main au classement des dossiers et coordonne la s\u00e9curit\u00e9 des locaux de l\u2019IHRDA. Modou a pr\u00e9c\u00e9demment travaill\u00e9 \u00e0 Emkay Stores en 2009. Il a fait des \u00e9tudes pour son certificat de base en informatique \u00e0 Educational Trust de l\u2019Afrique de l\u2019Ouest ainsi qu\u2019un certificat et un dipl\u00f4me dans le traitement de l\u2019information \u00e0 l\u2019Institut de Formation technique de Gambie (GTTI).<\/p>\n<p><strong>Cheikh Omar Bassene &#8211; Messager\/ Charg\u00e9 de l\u2019entretien (S\u00e9n\u00e9galais)<\/strong><br \/>\nCheikh (affectueusement prononc\u00e9 comme une forme allong\u00e9e de \u00ab sheeeee \u00bb), personnifie la patience \u00e0 l\u2019IHRDA. Adepte du travail bien fait Cheikh survit \u00e0 travers la corv\u00e9e de longues files d\u2019attente et la frustration de la bureaucratie afin d\u2019assurer que les communications \u00e9crites de l\u2019IHRDA atteignent les bureaux appropri\u00e9s \u00e0 Banjul. Pour une premi\u00e8re visite ou pour un nouvel employ\u00e9, le sourire lumineux de Cheikh et sa serviabilit\u00e9 attachants vous accueilleront \u00e0 l\u2019a\u00e9roport de Yundum. Cheikh demeure (avec Fatou et Tamba) une partie de notre m\u00e9moire institutionnelle. Cheikh parle le fran\u00e7ais, l\u2019anglais et un peu d\u2019espagnol.<\/p>\n<p><strong>Tamba Conteh \u2013 Coursier \/ Charg\u00e9 de l\u2019entretien (Gambien)<\/strong><br \/>\nAyant rejoint Alpha et Julia en 1997, Tamba est actuellement l\u2019employ\u00e9 le plus ancien de l\u2019IHRDA et ce, bien avant la fondation officielle de l\u2019IHRDA. Tamba sert de coursier, tout en asurant la maintenance de notre syst\u00e8me d\u2019\u00e9nergie alternative. Il garde \u00e9galement notre centre de documentation propre et bien rang\u00e9. Tamba a jou\u00e9 un r\u00f4le important dans la mise en place et le suivi de deux des affaires de l\u2019IHRDA, 249\/02 IHRDA (au nom des r\u00e9fugi\u00e9s Sierra l\u00e9onais en Guin\u00e9e) c\/ Guin\u00e9e et 292\/04 IHRDA (au nom d\u2019Esmaila Connateh et 13 autres) c\/ Angola. Tamba parle plusieurs langues dont l\u2019anglais, sa langue maternelle le Sarahule, le wolof, le mandingue, le jola, le fula et le bambara.<\/p>\n<p><strong>Sukuta Manneh &#8211; Jardinier (Gambien)<\/strong><br \/>\nSans Sukuta, nous aurions une cour au lieu d\u2019un jardin. Sukuta conna\u00eet ses vari\u00e9t\u00e9s v\u00e9g\u00e9tales par nom, la vue, la texture et les saisons optimales et il sert en tant que surveillant des locaux. Sukuta a travaill\u00e9 avec Radville Farms pendant 11 ans et il a fait des \u00e9tudes en Agriculture g\u00e9n\u00e9rale \u00e0 l\u2019Institut de formation technique de Gambie (GTTI).<\/p>\n<p><strong>Penda Sowe &#8211; Secr\u00e9taire et charg\u00e9e d&rsquo;acceuil (Gambie)<\/strong><br \/>\nPenda est titulaire d&rsquo;un dipl\u00f4me et un dipl\u00f4me sup\u00e9rieur en Banque et Finance acquis de l\u2019Institut de Gestion et de D\u00e9veloppement (2008-2009); elle a des dipl\u00f4mes de l\u2019enseignement secondaire de premier et second cycles acquis de Saint Augustin Junior Secondary School (2002- 2005) et Saint Joseph Senior Secondary School (2005-2008). Elle a l&rsquo;ambition de poursuivre une License en Banque et Finance, et de contribuer \u00e0 l&rsquo;avancement de la banque.<\/p>\n<p>Elle aime \u00e9couter de la musique, regarder la t\u00e9l\u00e9vision, aller \u00e0 la plage et passer du temps avec sa famille.<\/p>\n<p><strong>Les boursi\u00e8res et stagiaires actuelles<\/strong><\/p>\n<p><strong>Matthew Squire &#8211; Stagiaire en droits (Canada)<\/strong><br \/>\nMatthew vient de terminer sa premi\u00e8re ann\u00e9e du programme de licence en droits \u00e0 l&rsquo;Universit\u00e9 de McGill \u00e0 Montr\u00e9al, Canada. Matthew a obtenu une licence avec mention en sciences politiques et relations internationales \u00e0 l&rsquo;Universit\u00e9 de la Colombie-Britannique. Sa th\u00e8se s\u2019est pench\u00e9e sur les intersections de l&rsquo;identit\u00e9 sociale avec l&rsquo;exp\u00e9rience coloniale, un sujet qui continue \u00e0 l&rsquo;int\u00e9resser.<\/p>\n<p>L&rsquo;int\u00e9r\u00eat que porte Matthew sur la justice sociale provient de sa passion pour le travail avec les gens. Avant de venir \u00e0 McGill, Matthew a travaill\u00e9 comme \u00e9ducateur professionnel en Chine et comme encadreur des personnes handicap\u00e9es au Nord Vancouver, en Colombie-Britannique.<\/p>\n<p>Matthew a fait du b\u00e9n\u00e9volat au Montr\u00e9al Pro Bono Students Canada, et a \u00e9galement travaill\u00e9 sur le projet d\u2019application humanitaire et compatissant du RadLaw de McGill.<\/p>\n","protected":false},"excerpt":{"rendered":"<p>Gaye Sowe &#8211; Directeur ex\u00e9cutif (Gambie) Pendent 10 ans \u00e0 IHRDA, Gaye a surmont\u00e9 ses responsabilit\u00e9s tour \u00e0 tour en tant que Juriste, Juriste Principal,&#8230;<\/p>\n","protected":false},"author":7,"featured_media":0,"parent":5989,"menu_order":0,"comment_status":"closed","ping_status":"closed","template":"","meta":{"footnotes":""},"_links":{"self":[{"href":"https:\/\/www.ihrda.org\/fr\/wp-json\/wp\/v2\/pages\/4708"}],"collection":[{"href":"https:\/\/www.ihrda.org\/fr\/wp-json\/wp\/v2\/pages"}],"about":[{"href":"https:\/\/www.ihrda.org\/fr\/wp-json\/wp\/v2\/types\/page"}],"author":[{"embeddable":true,"href":"https:\/\/www.ihrda.org\/fr\/wp-json\/wp\/v2\/users\/7"}],"replies":[{"embeddable":true,"href":"https:\/\/www.ihrda.org\/fr\/wp-json\/wp\/v2\/comments?post=4708"}],"version-history":[{"count":0,"href":"https:\/\/www.ihrda.org\/fr\/wp-json\/wp\/v2\/pages\/4708\/revisions"}],"up":[{"embeddable":true,"href":"https:\/\/www.ihrda.org\/fr\/wp-json\/wp\/v2\/pages\/5989"}],"wp:attachment":[{"href":"https:\/\/www.ihrda.org\/fr\/wp-json\/wp\/v2\/media?parent=4708"}],"curies":[{"name":"wp","href":"https:\/\/api.w.org\/{rel}","templated":true}]}}