{"id":2906,"date":"2011-03-15T11:52:21","date_gmt":"2011-03-15T11:52:21","guid":{"rendered":"http:\/\/www.ihrda.org\/"},"modified":"2012-05-19T11:26:22","modified_gmt":"2012-05-19T11:26:22","slug":"documents-2","status":"publish","type":"page","link":"https:\/\/www.ihrda.org\/fr\/documents-2\/","title":{"rendered":"Documents"},"content":{"rendered":"<h2 style=\"text-align: center;\"><strong>D\u00e9clarations publiques<\/strong><\/h2>\n<div id=\"gt-res-content\">\n<p dir=\"ltr\">A IHRDA, nous partageons nos r\u00e9flexions sur notre travail, la situation de ceux que nous repr\u00e9sentons et d&rsquo;autres questions relatives aux droits de l&rsquo;homme. Nous vous pr\u00e9sentons nos d\u00e9clarations:<\/p>\n<div id=\"gt-res-content\">\n<div dir=\"ltr\">\n<ul>\n<li>Aupr\u00e8s la Commission africaine des droits de l&rsquo;Homme et des peuples<\/li>\n<li>Aupr\u00e8s Comit\u00e9 africain sur les droits et bien-\u00eatre de l&rsquo;enfant<\/li>\n<li> Lors de la Journ\u00e9e mondiale des r\u00e9fugi\u00e9s<\/li>\n<li> Lors de la Journ\u00e9e mondiale de l&rsquo;enfant africain<\/li>\n<li><a href=\"https:\/\/www.ihrda.org\/fr\/documents-2\/declarations\/\"> Voir tous nos d\u00e9clarations&#8230;<\/a><\/li>\n<\/ul>\n<\/div>\n<\/div>\n<\/div>\n","protected":false},"excerpt":{"rendered":"<p>D\u00e9clarations publiques A IHRDA, nous partageons nos r\u00e9flexions sur notre travail, la situation de ceux que nous repr\u00e9sentons et d&rsquo;autres questions relatives aux droits de&#8230;<\/p>\n","protected":false},"author":7,"featured_media":0,"parent":0,"menu_order":0,"comment_status":"closed","ping_status":"closed","template":"","meta":{"footnotes":""},"_links":{"self":[{"href":"https:\/\/www.ihrda.org\/fr\/wp-json\/wp\/v2\/pages\/2906"}],"collection":[{"href":"https:\/\/www.ihrda.org\/fr\/wp-json\/wp\/v2\/pages"}],"about":[{"href":"https:\/\/www.ihrda.org\/fr\/wp-json\/wp\/v2\/types\/page"}],"author":[{"embeddable":true,"href":"https:\/\/www.ihrda.org\/fr\/wp-json\/wp\/v2\/users\/7"}],"replies":[{"embeddable":true,"href":"https:\/\/www.ihrda.org\/fr\/wp-json\/wp\/v2\/comments?post=2906"}],"version-history":[{"count":0,"href":"https:\/\/www.ihrda.org\/fr\/wp-json\/wp\/v2\/pages\/2906\/revisions"}],"wp:attachment":[{"href":"https:\/\/www.ihrda.org\/fr\/wp-json\/wp\/v2\/media?parent=2906"}],"curies":[{"name":"wp","href":"https:\/\/api.w.org\/{rel}","templated":true}]}}