{"id":10548,"date":"2021-09-08T12:20:40","date_gmt":"2021-09-08T12:20:40","guid":{"rendered":"https:\/\/www.ihrda.org\/assistance-aux-victimes\/"},"modified":"2021-09-08T12:55:35","modified_gmt":"2021-09-08T12:55:35","slug":"assistance-aux-victimes","status":"publish","type":"page","link":"https:\/\/www.ihrda.org\/fr\/assistance-aux-victimes\/","title":{"rendered":"Assistance aux victimes"},"content":{"rendered":"\n<p class=\"has-large-font-size\"><strong>Assistance aux victimes de violation des droits humains<\/strong><\/p>\n\n\n\n<p>Si vous avez subi ou vous connaissez quelqu&rsquo;un qui a subi une violation des droits humains et vous avez besoin d&rsquo;assistance pour obtenir la justice, nous pouvons vous aider. IHRDA offre ses services gratuitement.<\/p>\n\n\n\n<p>Bien que nous soyons une petite organisation avec une quantit\u00e9 de travail importante, nous essayons autant que possible de r\u00e9pondre et\/ou de soutenir les victimes qui demandent notre assistance. Il est important de noter qu&rsquo;IHRDA ne fournit qu&rsquo;une expertise juridique et n&rsquo;a pas les moyens d&rsquo;offrir une assistance financi\u00e8re et mat\u00e9rielle aux victimes.<\/p>\n\n\n\n<p>Si vous avez besoin de notre appui, veuillez envoyer un e-mail \u00e0 <a href=\"mailto:ihrda@ihrda.org\">ihrda@ihrda.org<\/a> avec comme objet \u00ab Nouveau cas de violation des droits de l&rsquo;homme \u00bb, en donnant de brefs d\u00e9tails sur l&rsquo;affaire avec vos coordonn\u00e9es. Nous vous r\u00e9pondrons dans les plus brefs d\u00e9lais.<\/p>\n\n\n\n<p>Comme alternatif, vous pouvez nous appeler au :<\/p>\n\n\n\n<p><strong>T\u00e9l :<\/strong> +220 44 10 413 OU +220 44 10 414<\/p>\n\n\n\n<p><strong>Cellulaire :<\/strong> +220 77 51 200 OU +220 33 51 200<\/p>\n","protected":false},"excerpt":{"rendered":"<p>Assistance aux victimes de violation des droits humains Si vous avez subi ou vous connaissez quelqu&rsquo;un qui a subi une violation des droits humains et&#8230;<\/p>\n","protected":false},"author":7,"featured_media":10561,"parent":0,"menu_order":0,"comment_status":"closed","ping_status":"closed","template":"","meta":{"footnotes":""},"_links":{"self":[{"href":"https:\/\/www.ihrda.org\/fr\/wp-json\/wp\/v2\/pages\/10548"}],"collection":[{"href":"https:\/\/www.ihrda.org\/fr\/wp-json\/wp\/v2\/pages"}],"about":[{"href":"https:\/\/www.ihrda.org\/fr\/wp-json\/wp\/v2\/types\/page"}],"author":[{"embeddable":true,"href":"https:\/\/www.ihrda.org\/fr\/wp-json\/wp\/v2\/users\/7"}],"replies":[{"embeddable":true,"href":"https:\/\/www.ihrda.org\/fr\/wp-json\/wp\/v2\/comments?post=10548"}],"version-history":[{"count":3,"href":"https:\/\/www.ihrda.org\/fr\/wp-json\/wp\/v2\/pages\/10548\/revisions"}],"predecessor-version":[{"id":10556,"href":"https:\/\/www.ihrda.org\/fr\/wp-json\/wp\/v2\/pages\/10548\/revisions\/10556"}],"wp:featuredmedia":[{"embeddable":true,"href":"https:\/\/www.ihrda.org\/fr\/wp-json\/wp\/v2\/media\/10561"}],"wp:attachment":[{"href":"https:\/\/www.ihrda.org\/fr\/wp-json\/wp\/v2\/media?parent=10548"}],"curies":[{"name":"wp","href":"https:\/\/api.w.org\/{rel}","templated":true}]}}