{"id":10000,"date":"2021-03-18T13:33:31","date_gmt":"2021-03-18T13:33:31","guid":{"rendered":"https:\/\/www.ihrda.org\/la-cour-de-justice-llafrique-de-de-lest-eacj\/"},"modified":"2021-03-18T13:33:31","modified_gmt":"2021-03-18T13:33:31","slug":"la-cour-de-justice-llafrique-de-de-lest-eacj","status":"publish","type":"page","link":"https:\/\/www.ihrda.org\/fr\/la-cour-de-justice-llafrique-de-de-lest-eacj\/","title":{"rendered":"La Cour de Justice ll&rsquo;Afrique de de l\u2019Est (EACJ)"},"content":{"rendered":"<p><strong>Explication g\u00e9n\u00e9rale<\/strong><br \/>\nLa Cour de Justice de l&rsquo;Afrique de l\u2019Est (EACJ) est l&rsquo;un des organes de la Communaut\u00e9 de l\u2019Africaine de l\u2019Est (EAC) \u00e9tablis en vertu de l&rsquo;article 9 du Trait\u00e9 portant cr\u00e9ation de la Communaut\u00e9 de l\u2019Afrique de l\u2019Est. Il est une Cour de justice supranationale dont la responsabilit\u00e9 principale est d&rsquo;assurer le respect du droit dans l&rsquo;interpr\u00e9tation et l&rsquo;application et le respect du Trait\u00e9 de l&rsquo;EAC.<\/p>\n<p>La Cour de Justice de l\u2019Afrique de l\u2019Est a remplac\u00e9 la Cour d&rsquo;Appel de l&rsquo;Afrique de l\u2019Est qui a \u00e9t\u00e9 ferm\u00e9e apr\u00e8s la dissolution de la Communaut\u00e9 de l\u2019Africaine de l\u2019Est en 1977. Lorsque la Communaut\u00e9 de l\u2019Afrique de l\u2019Est a \u00e9t\u00e9 relanc\u00e9e en 1999, le Trait\u00e9 portant cr\u00e9ation de la Communaut\u00e9 de l\u2019Afrique de l\u2019Est a \u00e9tabli un autre type de tribunal r\u00e9gional. La Cour de justice de l&rsquo;Afrique de l\u2019Est est diff\u00e9rente en mati\u00e8re de composition et comp\u00e9tence. Elle a une juridiction internationale, contrairement \u00e0 la d\u00e9funte Cour d&rsquo;Appel de l\u2019Afrique de l&rsquo;Est qui traitait uniquement les appels venant des tribunaux nationaux.<\/p>\n<p><strong>Mandat<br \/>\n<\/strong>Le responsabilit\u00e9 majeure de la Cour est d&rsquo;assurer le respect du droit dans l&rsquo;interpr\u00e9tation et l&rsquo;application et le respect du trait\u00e9.<\/p>\n<p><strong>Juridiction<\/strong><br \/>\nLa Cour est compos\u00e9e de deux divisions: Division de Premi\u00e8re Instance et Division d\u2019Appel. Les juges de\u00a0la Division de Premi\u00e8re Instance ont un maximum de dix dans, or ceux de la Division d\u2019Appel ont cinq ans\u00a0; tous les juges sont nomm\u00e9s par le Sommet de la Communaut\u00e9 de l&rsquo;Afrique de l\u2019Est (qui est l&rsquo;organe supr\u00eame de la communaut\u00e9), parmi des personnes recommand\u00e9es par les Etats membres qui sont dot\u00e9es d\u2019int\u00e9grit\u00e9 \u00e9prouv\u00e9e, d&rsquo;impartialit\u00e9 et d&rsquo;ind\u00e9pendance, et qui remplissent les conditions requises dans leurs propres pays pour de hautes fonctions judiciaires, ou sont des juristes de comp\u00e9tence reconnue.<\/p>\n<p><strong>Comment acc\u00e9der \u00e0 la EACJ<\/strong><br \/>\nUn Etat membre de la Communaut\u00e9 de l\u2019Afrique de l\u2019Est peut se r\u00e9f\u00e9rer \u00e0 la Cour, si elle estime qu&rsquo;un autre \u00c9tat partenaire, organe ou institution de la Communaut\u00e9 a manqu\u00e9 \u00e0 une obligation ou a viol\u00e9 une disposition du trait\u00e9. Un \u00c9tat peut \u00e9galement demander \u00e0 la Cour de d\u00e9terminer la l\u00e9galit\u00e9 de toute loi, r\u00e8glement, directive, d\u00e9cision ou action au motif non autoris\u00e9 ou ill\u00e9gal, qui viole les dispositions du trait\u00e9.<\/p>\n<p>Le Secr\u00e9taire g\u00e9n\u00e9ral de la Communaut\u00e9 de l\u2019Afrique de l\u2019Est peut \u00e9galement porter une affaire devant la Cour contre un Etat membre si celui-ci ne parvient pas \u00e0 remplir ses obligations en vertu du trait\u00e9.<\/p>\n<p>Une personne physique ou morale r\u00e9sidant dans l&rsquo;un des Etats membres peut contester la l\u00e9galit\u00e9 de toute loi, r\u00e8glement, directive, d\u00e9cision ou action d&rsquo;un \u00c9tat partenaire ou une institution de la Communaut\u00e9 au motif qui viole les dispositions du trait\u00e9. En outre, les cas individuels peuvent \u00eatre renvoy\u00e9s \u00e0 la Cour par une juridiction nationale confront\u00e9e \u00e0 une question d&rsquo;interpr\u00e9tation du trait\u00e9 ou de d\u00e9termination de la l\u00e9galit\u00e9 d&rsquo;une loi ou d&rsquo;une action de la Communautaire.<\/p>\n<p><strong>Comment l\u2019IHRDA s\u2019engage avec la EACJ<\/strong><br \/>\nLes d\u00e9cisions et instruments pertinents de l&rsquo;EACJ sont accessibles gratuitement en ligne sur l\u2019outil analytique de la jurisprudence africaine (<a href=\"http:\/\/www.caselaw.ihrda.org\">caselaw.ihrda.org<\/a>) d\u00e9velopp\u00e9 par l\u2019IHRDA.<\/p>\n","protected":false},"excerpt":{"rendered":"<p>Explication g\u00e9n\u00e9rale La Cour de Justice de l&rsquo;Afrique de l\u2019Est (EACJ) est l&rsquo;un des organes de la Communaut\u00e9 de l\u2019Africaine de l\u2019Est (EAC) \u00e9tablis en&#8230;<\/p>\n","protected":false},"author":7,"featured_media":0,"parent":0,"menu_order":0,"comment_status":"closed","ping_status":"closed","template":"","meta":{"footnotes":""},"_links":{"self":[{"href":"https:\/\/www.ihrda.org\/fr\/wp-json\/wp\/v2\/pages\/10000"}],"collection":[{"href":"https:\/\/www.ihrda.org\/fr\/wp-json\/wp\/v2\/pages"}],"about":[{"href":"https:\/\/www.ihrda.org\/fr\/wp-json\/wp\/v2\/types\/page"}],"author":[{"embeddable":true,"href":"https:\/\/www.ihrda.org\/fr\/wp-json\/wp\/v2\/users\/7"}],"replies":[{"embeddable":true,"href":"https:\/\/www.ihrda.org\/fr\/wp-json\/wp\/v2\/comments?post=10000"}],"version-history":[{"count":0,"href":"https:\/\/www.ihrda.org\/fr\/wp-json\/wp\/v2\/pages\/10000\/revisions"}],"wp:attachment":[{"href":"https:\/\/www.ihrda.org\/fr\/wp-json\/wp\/v2\/media?parent=10000"}],"curies":[{"name":"wp","href":"https:\/\/api.w.org\/{rel}","templated":true}]}}